{"id":975,"date":"2024-12-05T11:26:22","date_gmt":"2024-12-05T10:26:22","guid":{"rendered":"https:\/\/dev.pirotecniaigual.com\/aviso-legal\/"},"modified":"2024-12-05T12:24:54","modified_gmt":"2024-12-05T11:24:54","slug":"aviso-legal","status":"publish","type":"page","link":"https:\/\/www.pirotecniaigual.com\/fr\/aviso-legal\/","title":{"rendered":"Mentions l\u00e9gales"},"content":{"rendered":"\t\t<div data-elementor-type=\"wp-page\" data-elementor-id=\"975\" class=\"elementor elementor-975\" data-elementor-post-type=\"page\">\n\t\t\t\t<div class=\"elementor-element elementor-element-7300b5d e-flex e-con-boxed e-con e-parent\" data-id=\"7300b5d\" data-element_type=\"container\" data-e-type=\"container\">\n\t\t\t\t\t<div class=\"e-con-inner\">\n\t\t\t\t<div class=\"elementor-element elementor-element-c56eb83 elementor-widget elementor-widget-text-editor\" data-id=\"c56eb83\" data-element_type=\"widget\" data-e-type=\"widget\" data-widget_type=\"text-editor.default\">\n\t\t\t\t<div class=\"elementor-widget-container\">\n\t\t\t\t\t\t\t\t\t<p>Conform\u00e9ment au devoir d&rsquo;information pr\u00e9vu par l&rsquo;article 10 de la loi 34\/2002, du 11 juillet, sur les services de la soci\u00e9t\u00e9 de l&rsquo;information et le commerce \u00e9lectronique, nous vous informons que le site Web et le portail Internet https:\/\/www.pirotecniaigual.com (ci-apr\u00e8s, le \u00ab site Web \u00bb) appartiennent \u00e0 PIROTECNIA IGUAL, S.A., dont le si\u00e8ge social se trouve \u00e0 Masia Mas Pubill, s\/n, et dont le code d&rsquo;identification fiscale est le num\u00e9ro A08623928. Le pr\u00e9sent avis juridique r\u00e9git les conditions d&rsquo;utilisation du portail Internet susmentionn\u00e9.<\/p><p>\u00a0<\/p><p><strong>Droit applicable et juridiction<\/strong><\/p><p>En g\u00e9n\u00e9ral, les relations entre PIROTECNIA IGUAL, S.A. et les utilisateurs de ses services t\u00e9l\u00e9matiques, pr\u00e9sents sur le site Web, sont soumises \u00e0 la l\u00e9gislation et \u00e0 la juridiction espagnoles.<\/p><p>Les parties renoncent express\u00e9ment \u00e0 toute juridiction qui pourrait leur correspondre et se soumettent express\u00e9ment aux Cours et Tribunaux de Canyelles pour r\u00e9soudre toute controverse qui pourrait surgir dans l&rsquo;interpr\u00e9tation ou l&rsquo;ex\u00e9cution des pr\u00e9sentes conditions contractuelles.<\/p><p>\u00a0<\/p><p><strong>Acceptation de l&rsquo;utilisateur<\/strong><\/p><p>Le pr\u00e9sent avis l\u00e9gal r\u00e9git l&rsquo;acc\u00e8s et l&rsquo;utilisation du site web que PIROTECNIA IGUAL, S.A. met \u00e0 la disposition des utilisateurs d&rsquo;Internet. Est consid\u00e9r\u00e9e comme utilisateur la personne qui acc\u00e8de, navigue, utilise ou participe aux services et activit\u00e9s du site web.<\/p><p>L&rsquo;utilisateur est inform\u00e9 et accepte que l&rsquo;acc\u00e8s \u00e0 ce site n&rsquo;implique en aucun cas le d\u00e9but d&rsquo;une relation commerciale avec PIROTECNIA IGUAL, S.A..<\/p><p>En acc\u00e9dant et en naviguant sur le site web, l&rsquo;utilisateur accepte l&rsquo;ensemble des pr\u00e9sentes conditions d&rsquo;utilisation. En cas de d\u00e9saccord avec les conditions, vous devez vous abstenir d&rsquo;utiliser le site web.<\/p><p><br \/><strong>Acc\u00e8s au site web<\/strong><\/p><p>L&rsquo;acc\u00e8s au site web par les utilisateurs est gratuit. Certains services peuvent faire l&rsquo;objet d&rsquo;un contrat pr\u00e9alable.<\/p><p>S&rsquo;il est n\u00e9cessaire que l&rsquo;utilisateur fournisse des donn\u00e9es personnelles pour acc\u00e9der \u00e0 l&rsquo;un des services, la collecte et le traitement des donn\u00e9es seront effectu\u00e9s conform\u00e9ment \u00e0 la l\u00e9gislation en vigueur, en particulier au RGPD. Pour de plus amples informations, veuillez consulter notre politique de confidentialit\u00e9 https:\/\/www.pirotecniaigual.com.<\/p><p>Contenu et utilisation<\/p><p>La visite du site Web par l&rsquo;utilisateur doit se faire de mani\u00e8re responsable et conform\u00e9ment \u00e0 la l\u00e9gislation en vigueur, \u00e0 la bonne foi, au pr\u00e9sent avis juridique et au respect des droits de propri\u00e9t\u00e9 intellectuelle et industrielle d\u00e9tenus par PIROTECNIA IGUAL, S.A. ou par d&rsquo;autres personnes physiques ou morales.<\/p><p>Il est strictement interdit d&rsquo;utiliser les contenus du site web \u00e0 des fins illicites ou susceptibles de l&rsquo;\u00eatre, ainsi que de r\u00e9aliser des actions qui causent ou peuvent causer des dommages ou des alt\u00e9rations de quelque nature que ce soit, non autoris\u00e9es par PIROTECNIA IGUAL, S.A., au site web ou \u00e0 ses contenus.<\/p><p>\u00a0<\/p><p>Le propri\u00e9taire du site ne s&rsquo;identifie pas aux opinions exprim\u00e9es par ses collaborateurs. L&rsquo;entreprise se r\u00e9serve le droit d&rsquo;apporter toutes les modifications qu&rsquo;elle juge opportunes \u00e0 son site web sans pr\u00e9avis, et peut changer, supprimer ou ajouter aussi bien le contenu et les services fournis \u00e0 travers le site web que la mani\u00e8re dont ils sont pr\u00e9sent\u00e9s ou situ\u00e9s sur ses serveurs.<\/p><p>\u00a0<\/p><p><strong>Propri\u00e9t\u00e9 intellectuelle et industrielle<\/strong><\/p><p>Les droits de propri\u00e9t\u00e9 intellectuelle des contenus des pages web, leur conception graphique et leurs codes sont la propri\u00e9t\u00e9 de PIROTECNIA IGUAL, S.A. et, par cons\u00e9quent, leur reproduction, distribution, communication publique, transformation ou toute autre activit\u00e9 r\u00e9alis\u00e9e avec les contenus de la page web est interdite, m\u00eame si les sources sont cit\u00e9es, sauf avec le consentement pr\u00e9alable, expr\u00e8s et \u00e9crit de PIROTECNIA IGUAL, S.A.. Tous les noms commerciaux, marques ou signes distinctifs de toute nature contenus dans les pages web de l&rsquo;entreprise sont la propri\u00e9t\u00e9 de leurs titulaires et sont prot\u00e9g\u00e9s par la loi.<\/p><p>PIROTECNIA IGUAL, S.A. ne conc\u00e8de aucune licence ou autorisation d&rsquo;utilisation de quelque nature que ce soit sur ses droits de propri\u00e9t\u00e9 intellectuelle et industrielle ou sur tout autre bien ou droit li\u00e9 au site web, et en aucun cas il ne sera entendu que l&rsquo;acc\u00e8s et la navigation des utilisateurs impliquent une renonciation, une transmission, une licence ou une cession totale ou partielle desdits droits de la part de PIROTECNIA IGUAL, S.A..<\/p><p>Toute utilisation de ces contenus non autoris\u00e9e au pr\u00e9alable par PIROTECNIA IGUAL, S.A. sera consid\u00e9r\u00e9e comme une violation grave des droits de propri\u00e9t\u00e9 intellectuelle ou industrielle et donnera lieu aux responsabilit\u00e9s l\u00e9galement \u00e9tablies. PIROTECNIA IGUAL, S.A. se r\u00e9serve le droit d&rsquo;exercer les actions judiciaires et extrajudiciaires correspondantes \u00e0 l&rsquo;encontre de l&rsquo;utilisateur.<\/p><p>\u00a0<\/p><p><strong>Responsabilit\u00e9 et garanties<\/strong><\/p><p>PIROTECNIA IGUAL, S.A. d\u00e9clare avoir adopt\u00e9 les mesures n\u00e9cessaires qui, selon ses possibilit\u00e9s et l&rsquo;\u00e9tat de la technologie, permettent le bon fonctionnement de son site web, ainsi que l&rsquo;absence de virus et de composants nuisibles. Cependant, PIROTECNIA IGUAL, S.A. ne peut \u00eatre tenue pour responsable des situations suivantes, qui sont \u00e9num\u00e9r\u00e9es \u00e0 titre d&rsquo;exemple, mais sans s&rsquo;y limiter :<\/p><p>La continuit\u00e9 et la disponibilit\u00e9 des contenus.<\/p><p>\u00a0<\/p><p>l&rsquo;absence d&rsquo;erreurs dans lesdits contenus ou la correction de tout d\u00e9faut qui pourrait survenir. L&rsquo;absence de virus et\/ou d&rsquo;autres \u00e9l\u00e9ments nuisibles.<\/p><p>Les dommages caus\u00e9s par toute personne qui violerait les syst\u00e8mes de s\u00e9curit\u00e9 de PIROTECNIA IGUAL, S.A..<\/p><p>L&rsquo;utilisation que les utilisateurs peuvent faire des contenus inclus dans le site web. Par cons\u00e9quent, PIROTECNIA IGUAL, S.A. ne garantit pas que l&rsquo;utilisation que les utilisateurs peuvent faire des contenus inclus dans le site Web, le cas \u00e9ch\u00e9ant, soit conforme au pr\u00e9sent avis juridique, ni que l&rsquo;utilisation du site Web soit r\u00e9alis\u00e9e de mani\u00e8re diligente.<\/p><p>L&rsquo;utilisation du site par des mineurs ou l&rsquo;envoi de leurs donn\u00e9es personnelles sans l&rsquo;autorisation de leurs tuteurs, ces derniers \u00e9tant responsables de l&rsquo;utilisation qu&rsquo;ils font d&rsquo;Internet.<\/p><p>Les contenus auxquels l&rsquo;utilisateur peut acc\u00e9der par le biais de liens non autoris\u00e9s ou ceux introduits par les utilisateurs par le biais de commentaires ou d&rsquo;outils similaires.<\/p><p>L&rsquo;introduction de donn\u00e9es erron\u00e9es par l&rsquo;utilisateur ou un tiers.<\/p><p>PIROTECNIA IGUAL, S.A. peut suspendre temporairement l&rsquo;acc\u00e8s au site web pour des op\u00e9rations de maintenance, de r\u00e9paration, d&rsquo;actualisation ou d&rsquo;am\u00e9lioration sans avis pr\u00e9alable. Cependant, lorsque les circonstances le permettront, PIROTECNIA IGUAL, S.A. informera l&rsquo;utilisateur, avec un pr\u00e9avis suffisant, de la date \u00e0 laquelle les contenus seront suspendus.<\/p><p>\u00a0<\/p><p>De m\u00eame, conform\u00e9ment aux articles 11 et 16 de la loi 34\/2002, du 11 juillet, sur les services de la soci\u00e9t\u00e9 de l&rsquo;information et le commerce \u00e9lectronique (LSSICE), PIROTECNIA IGUAL, S.A. s&rsquo;engage \u00e0 supprimer ou, le cas \u00e9ch\u00e9ant, \u00e0 bloquer tout contenu susceptible d&rsquo;affecter ou d&rsquo;\u00eatre contraire \u00e0 la l\u00e9gislation en vigueur, aux droits de tiers ou \u00e0 la morale et \u00e0 l&rsquo;ordre publics.<\/p><p><strong>Cookies<\/strong><\/p><p>PIROTECNIA IGUAL, S.A. utilise des cookies afin d&rsquo;optimiser et de personnaliser votre navigation sur le site web. Les cookies sont des fichiers physiques d&rsquo;information qui sont stock\u00e9s dans le terminal de l&rsquo;utilisateur. L&rsquo;information recueillie par le biais des cookies est utilis\u00e9e pour faciliter la navigation de l&rsquo;utilisateur sur le portail et pour optimiser l&rsquo;exp\u00e9rience de navigation. Les donn\u00e9es collect\u00e9es par le biais des cookies peuvent \u00eatre partag\u00e9es avec les cr\u00e9ateurs de ces derniers, mais en aucun cas les informations obtenues par ces derniers ne seront associ\u00e9es \u00e0 des donn\u00e9es personnelles ou \u00e0 des donn\u00e9es permettant d&rsquo;identifier l&rsquo;utilisateur.<\/p><p>Toutefois, si vous ne souhaitez pas que des cookies soient install\u00e9s sur votre disque dur, vous pouvez configurer votre navigateur pour emp\u00eacher l&rsquo;installation de ces fichiers. Pour plus d&rsquo;informations, veuillez consulter notre politique en mati\u00e8re de cookies https:\/\/www.pirotecniaigual.com\/politica-de-cookies\/.<\/p><p><strong>Liens<\/strong><\/p><p>La pr\u00e9sence de liens sur le site web de PIROTECNIA IGUAL, S.A. vers d&rsquo;autres sites Internet n&rsquo;a qu&rsquo;une finalit\u00e9 informative et n&rsquo;implique en aucun cas une suggestion, une invitation ou une recommandation \u00e0 leur \u00e9gard. PIROTECNIA IGUAL, S.A. n&rsquo;assume aucune responsabilit\u00e9 quant au contenu d&rsquo;un lien appartenant \u00e0 un site Web externe, ni ne garantit la fiabilit\u00e9, l&rsquo;exactitude, l&rsquo;exhaustivit\u00e9, la v\u00e9racit\u00e9, la validit\u00e9 et la disponibilit\u00e9 technique de ce dernier.<\/p><p>Si d&rsquo;autres sites web \u00e9tablissent des liens avec le site web de PIROTECNIA IGUAL, S.A., il ne sera pas consid\u00e9r\u00e9 que PIROTECNIA IGUAL, S.A. a autoris\u00e9 le lien ou le contenu du site web contenant le lien, ni que des contenus inappropri\u00e9s, diffamatoires, ill\u00e9gaux, obsc\u00e8nes, illicites ou contraires \u00e0 la l\u00e9gislation en vigueur peuvent \u00eatre inclus dans la page li\u00e9e.<\/p><p>PIROTECNIA IGUAL, S.A. se r\u00e9serve le droit de contacter le propri\u00e9taire du site web o\u00f9 est \u00e9tabli le lien si elle consid\u00e8re que la r\u00e9glementation n&rsquo;est pas respect\u00e9e, ainsi que d&rsquo;exercer les actions judiciaires et extrajudiciaires correspondantes.<\/p><p>\u00a0<\/p><p><strong>Modification des conditions<\/strong><\/p><p>PIROTECNIA IGUAL, S.A. se r\u00e9serve express\u00e9ment le droit de modifier unilat\u00e9ralement, totalement ou partiellement, sans pr\u00e9avis, le pr\u00e9sent avis l\u00e9gal. L&rsquo;utilisateur reconna\u00eet et accepte qu&rsquo;il est de sa responsabilit\u00e9 de consulter p\u00e9riodiquement le pr\u00e9sent avis juridique.<\/p><p>\u00a0<\/p><p>\u00a0<\/p><p>\u00a0<\/p>\t\t\t\t\t\t\t\t<\/div>\n\t\t\t\t<\/div>\n\t\t\t\t\t<\/div>\n\t\t\t\t<\/div>\n\t\t\t\t<\/div>\n\t\t","protected":false},"excerpt":{"rendered":"<p>Conform\u00e9ment au devoir d&rsquo;information pr\u00e9vu par l&rsquo;article 10 de la loi 34\/2002, du 11 juillet, sur les services de la soci\u00e9t\u00e9 de l&rsquo;information et le commerce \u00e9lectronique, nous vous informons que le site Web et le portail Internet https:\/\/www.pirotecniaigual.com (ci-apr\u00e8s, le \u00ab site Web \u00bb) appartiennent \u00e0 PIROTECNIA IGUAL, S.A., dont le si\u00e8ge social se [&hellip;]<\/p>\n","protected":false},"author":2,"featured_media":0,"parent":0,"menu_order":0,"comment_status":"closed","ping_status":"closed","template":"","meta":{"footnotes":""},"class_list":["post-975","page","type-page","status-publish","hentry"],"_links":{"self":[{"href":"https:\/\/www.pirotecniaigual.com\/fr\/wp-json\/wp\/v2\/pages\/975","targetHints":{"allow":["GET"]}}],"collection":[{"href":"https:\/\/www.pirotecniaigual.com\/fr\/wp-json\/wp\/v2\/pages"}],"about":[{"href":"https:\/\/www.pirotecniaigual.com\/fr\/wp-json\/wp\/v2\/types\/page"}],"author":[{"embeddable":true,"href":"https:\/\/www.pirotecniaigual.com\/fr\/wp-json\/wp\/v2\/users\/2"}],"replies":[{"embeddable":true,"href":"https:\/\/www.pirotecniaigual.com\/fr\/wp-json\/wp\/v2\/comments?post=975"}],"version-history":[{"count":5,"href":"https:\/\/www.pirotecniaigual.com\/fr\/wp-json\/wp\/v2\/pages\/975\/revisions"}],"predecessor-version":[{"id":999,"href":"https:\/\/www.pirotecniaigual.com\/fr\/wp-json\/wp\/v2\/pages\/975\/revisions\/999"}],"wp:attachment":[{"href":"https:\/\/www.pirotecniaigual.com\/fr\/wp-json\/wp\/v2\/media?parent=975"}],"curies":[{"name":"wp","href":"https:\/\/api.w.org\/{rel}","templated":true}]}}