{"id":964,"date":"2024-12-05T11:32:14","date_gmt":"2024-12-05T10:32:14","guid":{"rendered":"https:\/\/dev.pirotecniaigual.com\/politica-de-privacidad\/"},"modified":"2024-12-05T12:09:51","modified_gmt":"2024-12-05T11:09:51","slug":"politica-de-privacidad","status":"publish","type":"page","link":"https:\/\/www.pirotecniaigual.com\/fr\/politica-de-privacidad\/","title":{"rendered":"Politique de confidentialit\u00e9"},"content":{"rendered":"\t\t<div data-elementor-type=\"wp-page\" data-elementor-id=\"964\" class=\"elementor elementor-964\" data-elementor-post-type=\"page\">\n\t\t\t\t<div class=\"elementor-element elementor-element-6aa3314 e-flex e-con-boxed e-con e-parent\" data-id=\"6aa3314\" data-element_type=\"container\" data-e-type=\"container\">\n\t\t\t\t\t<div class=\"e-con-inner\">\n\t\t\t\t<div class=\"elementor-element elementor-element-640c43e elementor-widget elementor-widget-text-editor\" data-id=\"640c43e\" data-element_type=\"widget\" data-e-type=\"widget\" data-widget_type=\"text-editor.default\">\n\t\t\t\t<div class=\"elementor-widget-container\">\n\t\t\t\t\t\t\t\t\t<p><strong>Informations de base sur la protection des donn\u00e9es<\/strong><\/p><table><tbody><tr><td width=\"120\"><strong>Responsable<\/strong><\/td><td width=\"509\">PIROTECNIA IGUAL, S.A.<\/td><\/tr><tr><td width=\"120\"><strong>Objet<\/strong><\/td><td width=\"509\">Fourniture de services en ligne<br \/>Gestion des utilisateurs du site web<br \/>Communications commerciales li\u00e9es \u00e0 nos services<\/td><\/tr><tr><td width=\"120\"><strong>L\u00e9gitimit\u00e9 <\/strong><\/td><td width=\"509\">Consentement expr\u00e8s et int\u00e9r\u00eat l\u00e9gitime<\/td><\/tr><tr><td width=\"120\"><strong>Destinataires <\/strong><\/td><td width=\"509\">Aucune donn\u00e9e n&rsquo;est c\u00e9d\u00e9e \u00e0 des tiers, sauf obligation l\u00e9gale.<\/td><\/tr><tr><td width=\"120\"><strong>Droits<\/strong><\/td><td width=\"509\">Acc\u00e8s, rectification et suppression des donn\u00e9es, ainsi que d&rsquo;autres droits, comme expliqu\u00e9 dans les informations compl\u00e9mentaires.<\/td><\/tr><tr><td rowspan=\"2\" width=\"120\"><strong>Informations Compl\u00e9mentaires<\/strong><\/td><td width=\"509\">Vous pouvez consulter les informations compl\u00e9mentaires et d\u00e9taill\u00e9es sur la protection des donn\u00e9es dans les clauses jointes \u00e0 l&rsquo;adresse <a href=\"https:\/\/www.pirotecniaigual.com\/politica-de-privacidad\/\">https:\/\/www.pirotecniaigual.com\/politica-de-privacidad\/<\/a>.<\/td><\/tr><\/tbody><\/table><p>PIROTECNIA IGUAL, S.A. s&rsquo;efforce de vous offrir la meilleure exp\u00e9rience possible avec ses produits et services. Dans certains cas, il est n\u00e9cessaire de collecter des informations pour y parvenir. Nous nous soucions de votre vie priv\u00e9e et nous pensons que nous devons \u00eatre transparents \u00e0 cet \u00e9gard.<\/p><p>Par cons\u00e9quent, et aux fins des dispositions du R\u00c8GLEMENT (UE) 2016\/679 DU PARLEMENT EUROP\u00c9EN ET DU CONSEIL du 27 avril 2016 (ci-apr\u00e8s, \u00ab RGPD\u201c) relatif \u00e0 la protection des personnes physiques \u00e0 l&rsquo;\u00e9gard du traitement des donn\u00e9es \u00e0 caract\u00e8re personnel et \u00e0 la libre circulation de ces donn\u00e9es, et de la LOI 34\/2002, du 11 juillet, sur les services de la soci\u00e9t\u00e9 de l&rsquo;information et le commerce \u00e9lectronique (ci-apr\u00e8s, \u201d LSSI \u00bb), PIROTECNIA IGUAL, S. A. informe l&rsquo;utilisateur que, en tant que responsable du traitement, elle incorporera les donn\u00e9es personnelles fournies par les utilisateurs dans un fichier automatis\u00e9.<\/p><p>Notre engagement commence par l&rsquo;explication suivante :<\/p><ul><li>Nous recueillons vos donn\u00e9es afin d&rsquo;am\u00e9liorer l&rsquo;exp\u00e9rience de l&rsquo;utilisateur, en tenant compte de ses int\u00e9r\u00eats et de ses besoins.<\/li><li>Nous sommes transparents quant aux informations que nous recueillons sur vous et aux raisons pour lesquelles nous les recueillons.<\/li><li>Notre intention est de vous offrir la meilleure exp\u00e9rience possible. Par cons\u00e9quent, lorsque nous utilisons vos informations personnelles, nous le faisons toujours de mani\u00e8re conforme et, si n\u00e9cessaire, nous vous demandons votre consentement.<\/li><li>Nous comprenons que vos informations vous appartiennent. Par cons\u00e9quent, si vous choisissez de ne pas nous autoriser \u00e0 les traiter, vous pouvez nous demander de cesser de les traiter.<\/li><li>Notre priorit\u00e9 est d&rsquo;assurer votre s\u00e9curit\u00e9 et de traiter vos donn\u00e9es conform\u00e9ment \u00e0 la l\u00e9gislation europ\u00e9enne.<\/li><\/ul><p>Si vous souhaitez obtenir plus d&rsquo;informations sur le traitement de vos donn\u00e9es, veuillez consulter les diff\u00e9rentes sections de la politique de confidentialit\u00e9 ci-dessous :<\/p><p><strong>Qui est responsable du traitement de vos donn\u00e9es personnelles ?<\/strong><\/p><p>Identit\u00e9 : PIROTECNIA IGUAL, S.A.<\/p><p>Adresse du si\u00e8ge social : Masia Mas Pubill, s\/n<\/p><p>C.I.F. n\u00ba : A08623928<\/p><p>Courriel : rgpd@pirotecniaigual.com<\/p><p>PIROTECNIA IGUAL, S.A. a d\u00e9sign\u00e9 un d\u00e9l\u00e9gu\u00e9 \u00e0 la protection des donn\u00e9es ou une personne de contact interne au sein de son organisation. Si vous souhaitez faire une demande concernant le traitement de vos donn\u00e9es personnelles, vous pouvez le contacter par courrier \u00e9lectronique \u00e0 l&rsquo;adresse rgpd@pirotecniaigual.com.<\/p><p><strong>Quelles sont les donn\u00e9es personnelles que nous collectons ?<\/strong><\/p><ul><li>Les donn\u00e9es personnelles que l&rsquo;utilisateur peut fournir :<br \/>Nom, adresse et date de naissance.<\/li><li>Num\u00e9ro de t\u00e9l\u00e9phone et adresse \u00e9lectronique.<br \/>Lieu de r\u00e9sidence.<\/li><li>Informations relatives aux paiements et aux remboursements.<\/li><li>Adresse IP, date et heure d&rsquo;acc\u00e8s \u00e0 nos services, navigateur Internet utilis\u00e9 et d\u00e9tails du syst\u00e8me d&rsquo;exploitation de votre appareil.<\/li><li>Toute autre information ou donn\u00e9e que vous choisissez de partager avec nous.<\/li><\/ul><p>Dans certains cas, il est obligatoire de remplir le formulaire d&rsquo;inscription pour acc\u00e9der et profiter de certains services offerts sur le site web ; de m\u00eame, le fait de ne pas fournir les donn\u00e9es personnelles demand\u00e9es ou de ne pas accepter cette politique de protection des donn\u00e9es entra\u00eene l&rsquo;impossibilit\u00e9 de s&rsquo;abonner, de s&rsquo;inscrire ou de participer \u00e0 l&rsquo;une des promotions pour lesquelles des donn\u00e9es personnelles sont demand\u00e9es.<\/p><p>\u00a0<\/p><p><strong>Pourquoi et dans quel but traitons-nous vos donn\u00e9es ?<\/strong><\/p><p>PIROTECNIA IGUAL, S.A. traite les informations fournies par les personnes int\u00e9ress\u00e9es dans les buts suivants :<\/p><ul><li>G\u00e9rer les commandes ou contracter l&rsquo;un de nos services, que ce soit en ligne ou dans les magasins physiques.<\/li><li>G\u00e9rer l&rsquo;envoi des informations demand\u00e9es.<\/li><li>D\u00e9velopper des actions commerciales et effectuer le maintien et la gestion de la relation avec l&rsquo;utilisateur, ainsi que la gestion des services offerts \u00e0 travers le site web et les t\u00e2ches d&rsquo;information, en pouvant effectuer des \u00e9valuations automatiques, obtenir des profils et des t\u00e2ches de segmentation des clients afin de personnaliser le traitement en fonction de leurs caract\u00e9ristiques et de leurs besoins et d&rsquo;am\u00e9liorer l&rsquo;exp\u00e9rience en ligne du client.<\/li><li>D\u00e9velopper et g\u00e9rer des concours, des loteries ou d&rsquo;autres activit\u00e9s promotionnelles qui peuvent \u00eatre organis\u00e9es.<\/li><li>Dans certains cas, il sera n\u00e9cessaire de fournir des informations aux autorit\u00e9s ou \u00e0 des soci\u00e9t\u00e9s tierces \u00e0 des fins d&rsquo;audit, ainsi que de traiter des donn\u00e9es personnelles provenant de factures, de contrats et de documents afin de r\u00e9pondre aux r\u00e9clamations des clients ou des administrations publiques.<\/li><\/ul><p>Nous vous informons que les donn\u00e9es personnelles obtenues \u00e0 la suite de votre enregistrement en tant qu&rsquo;utilisateur feront partie du Registre des activit\u00e9s et op\u00e9rations de traitement (RAT), qui sera mis \u00e0 jour p\u00e9riodiquement conform\u00e9ment aux dispositions du RGPD.<\/p><p><strong>Quelle est la base juridique du traitement de vos donn\u00e9es ?<\/strong><\/p><p>Le traitement de vos donn\u00e9es peut \u00eatre fond\u00e9 sur les bases juridiques suivantes :<\/p><ul><li>Consentement de la personne concern\u00e9e pour la conclusion de contrats de services et de produits, pour les formulaires de contact, les demandes d&rsquo;information ou l&rsquo;inscription \u00e0 des bulletins d&rsquo;information \u00e9lectroniques.<\/li><li>Int\u00e9r\u00eat l\u00e9gitime pour le traitement des donn\u00e9es de nos clients dans le cadre d&rsquo;actions de marketing direct et consentement expr\u00e8s de la personne concern\u00e9e pour tout ce qui concerne les \u00e9valuations automatiques et le profilage.<\/li><li>Respect des obligations l\u00e9gales en mati\u00e8re de pr\u00e9vention de la fraude, de communication avec les autorit\u00e9s publiques et de r\u00e9clamations de tiers.<\/li><\/ul><p><strong>Combien de temps conservons-nous vos donn\u00e9es ?<\/strong><\/p><p>Les donn\u00e9es trait\u00e9es aux fins d\u00e9crites ci-dessus seront conserv\u00e9es pendant la dur\u00e9e n\u00e9cessaire \u00e0 la r\u00e9alisation de l&rsquo;objectif pour lequel elles ont \u00e9t\u00e9 collect\u00e9es (par exemple, pendant la dur\u00e9e de la relation d&rsquo;affaires), ainsi que pour le respect des obligations l\u00e9gales d\u00e9coulant du traitement des donn\u00e9es.<\/p><p><strong>\u00c0 quels destinataires vos donn\u00e9es sont-elles communiqu\u00e9es ?<\/strong><\/p><p>Dans certains cas, uniquement lorsque cela est n\u00e9cessaire, PIROTECNIA IGUAL, S.A. fournira les donn\u00e9es des utilisateurs \u00e0 des tiers. Cependant, les donn\u00e9es ne seront jamais vendues \u00e0 des tiers. Les prestataires de services externes (par exemple, les fournisseurs de paiement ou les entreprises de livraison) avec lesquels PIROTECNIA IGUAL, S.A. collabore peuvent utiliser les donn\u00e9es pour fournir les services correspondants, mais ils n&rsquo;utiliseront pas cette information \u00e0 leurs propres fins ou pour la c\u00e9der \u00e0 des tiers.<\/p><p>PIROTECNIA IGUAL, S.A. s&rsquo;efforce de garantir la s\u00e9curit\u00e9 des donn\u00e9es personnelles lorsqu&rsquo;elles sont envoy\u00e9es \u00e0 l&rsquo;ext\u00e9rieur de l&rsquo;entreprise et s&rsquo;assure que les fournisseurs de services tiers respectent la confidentialit\u00e9 et disposent de mesures ad\u00e9quates pour prot\u00e9ger les donn\u00e9es personnelles. Ces tiers sont tenus de s&rsquo;assurer que l&rsquo;information est trait\u00e9e conform\u00e9ment \u00e0 la r\u00e9glementation en mati\u00e8re de confidentialit\u00e9 des donn\u00e9es.<\/p><p>Dans certains cas, la loi peut exiger que des donn\u00e9es \u00e0 caract\u00e8re personnel soient divulgu\u00e9es \u00e0 des organismes publics ou \u00e0 d&rsquo;autres parties ; seules les donn\u00e9es strictement n\u00e9cessaires \u00e0 l&rsquo;ex\u00e9cution de ces obligations l\u00e9gales seront divulgu\u00e9es.<\/p><p>Les donn\u00e9es personnelles obtenues peuvent \u00e9galement \u00eatre partag\u00e9es avec d&rsquo;autres soci\u00e9t\u00e9s du groupe.<\/p><p><strong>O\u00f9 sont stock\u00e9es vos donn\u00e9es ?<\/strong><\/p><p>En g\u00e9n\u00e9ral, les donn\u00e9es sont stock\u00e9es dans l&rsquo;UE. Si les donn\u00e9es sont envoy\u00e9es \u00e0 des tiers en dehors de l&rsquo;UE, nous nous assurerons qu&rsquo;ils offrent un niveau de protection suffisant, soit parce qu&rsquo;ils disposent de r\u00e8gles d&rsquo;entreprise contraignantes (BCR), soit parce qu&rsquo;ils ont adh\u00e9r\u00e9 au bouclier de protection de la vie priv\u00e9e.<\/p><p><strong>Quels sont vos droits et comment pouvez-vous les exercer ?<\/strong><\/p><p>Vous pouvez envoyer vos communications et exercer vos droits en envoyant une demande \u00e0 l&rsquo;adresse \u00e9lectronique suivante : rgpd@pirotecniaigual.com.<\/p><p><strong>Conform\u00e9ment aux dispositions du RGPD, vous pouvez demander :<\/strong><\/p><ul><li>Droit d&rsquo;acc\u00e8s : vous pouvez demander des informations sur les donn\u00e9es personnelles que nous d\u00e9tenons \u00e0 votre sujet.<\/li><li>Droit de rectification : vous pouvez communiquer toute modification apport\u00e9e \u00e0 vos donn\u00e9es \u00e0 caract\u00e8re personnel. Droit \u00e0 l&rsquo;effacement et droit \u00e0 l&rsquo;oubli : vous pouvez demander l&rsquo;effacement de vos donn\u00e9es \u00e0 caract\u00e8re personnel apr\u00e8s qu&rsquo;elles ont \u00e9t\u00e9 bloqu\u00e9es.<\/li><li>Droit \u00e0 la limitation du traitement : il s&rsquo;agit de restreindre le traitement des donn\u00e9es \u00e0 caract\u00e8re personnel. Droit d&rsquo;opposition : vous pouvez retirer votre consentement au traitement de vos donn\u00e9es en vous opposant \u00e0 leur traitement ult\u00e9rieur.<\/li><li>Droit \u00e0 la portabilit\u00e9 : dans certains cas, vous pouvez demander une copie des donn\u00e9es \u00e0 caract\u00e8re personnel dans un format structur\u00e9, couramment utilis\u00e9 et lisible par machine, afin de les transmettre \u00e0 un autre responsable du traitement. Droit de ne pas faire l&rsquo;objet de d\u00e9cisions individualis\u00e9es : vous pouvez demander \u00e0 ne pas faire l&rsquo;objet de d\u00e9cisions fond\u00e9es exclusivement sur un traitement automatis\u00e9, y compris le profilage, qui produisent des effets juridiques ou affectent la personne concern\u00e9e de mani\u00e8re significative.<\/li><\/ul><p>Dans certains cas, votre demande peut \u00eatre refus\u00e9e si vous demandez l&rsquo;effacement de donn\u00e9es n\u00e9cessaires au respect d&rsquo;obligations l\u00e9gales.<\/p><p>En outre, si vous avez une plainte \u00e0 formuler concernant le traitement de vos donn\u00e9es, vous pouvez d\u00e9poser une plainte aupr\u00e8s de l&rsquo;autorit\u00e9 charg\u00e9e de la protection des donn\u00e9es.<\/p><p><strong>Qui est responsable de l&rsquo;exactitude et de la v\u00e9racit\u00e9 des donn\u00e9es fournies ?<\/strong><\/p><p>L&rsquo;utilisateur est le seul responsable de la v\u00e9racit\u00e9 et de l&rsquo;exactitude des donn\u00e9es fournies, exon\u00e9rant PIROTECNIA IGUAL, S.A. de toute responsabilit\u00e9 \u00e0 cet \u00e9gard. L&rsquo;utilisateur garantit et est responsable, dans tous les cas, de l&rsquo;exactitude, de la validit\u00e9 et de l&rsquo;authenticit\u00e9 des donn\u00e9es personnelles fournies, et s&rsquo;engage \u00e0 les maintenir d\u00fbment mises \u00e0 jour. L&rsquo;utilisateur s&rsquo;engage \u00e0 fournir des informations compl\u00e8tes et correctes dans le formulaire d&rsquo;inscription ou de souscription. PIROTECNIA IGUAL, S.A. se r\u00e9serve le droit de mettre fin aux services contract\u00e9s avec les utilisateurs dans le cas o\u00f9 les informations fournies seraient fausses, incompl\u00e8tes, inexactes ou non actualis\u00e9es.<\/p><p>PIROTECNIA IGUAL, S.A. n&rsquo;est pas responsable de la v\u00e9racit\u00e9 de l&rsquo;information qui n&rsquo;est pas de sa propre \u00e9laboration et dont une autre source est indiqu\u00e9e, de sorte qu&rsquo;elle n&rsquo;assume aucune responsabilit\u00e9 pour les dommages hypoth\u00e9tiques pouvant d\u00e9couler de l&rsquo;utilisation de cette information.<\/p><p>PIROTECNIA IGUAL, S.A. se r\u00e9serve le droit d&rsquo;actualiser, de modifier ou de supprimer l&rsquo;information contenue dans ses pages web et peut m\u00eame limiter ou refuser l&rsquo;acc\u00e8s \u00e0 cette information. PIROTECNIA IGUAL, S.A. n&rsquo;est pas responsable des dommages que l&rsquo;utilisateur pourrait subir en raison d&rsquo;erreurs, de d\u00e9fauts ou d&rsquo;omissions dans l&rsquo;information fournie par PIROTECNIA IGUAL, S.A., \u00e0 condition qu&rsquo;elle provienne de sources externes.<\/p><p>De m\u00eame, l&rsquo;utilisateur certifie qu&rsquo;il a plus de 14 ans et qu&rsquo;il a la capacit\u00e9 juridique n\u00e9cessaire pour consentir au traitement de ses donn\u00e9es personnelles.<\/p><p>\u00a0<\/p><p><strong>Comment traitons-nous les donn\u00e9es personnelles des mineurs ?<\/strong><\/p><p>En principe, nos services ne s&rsquo;adressent pas sp\u00e9cifiquement aux mineurs. Cependant, dans le cas o\u00f9 l&rsquo;un d&rsquo;entre eux s&rsquo;adresserait \u00e0 des mineurs de moins de quatorze ans, conform\u00e9ment \u00e0 l&rsquo;article 8 du RGPD et \u00e0 l&rsquo;article 7 de la LO3\/2018, du 5 d\u00e9cembre (LOPDGDD), PIROTECNIA IGUAL, S.A. exigera le consentement valide, libre, non \u00e9quivoque, sp\u00e9cifique et inform\u00e9 de leurs tuteurs l\u00e9gaux pour traiter les donn\u00e9es \u00e0 caract\u00e8re personnel des mineurs. Dans ce cas, le DNI ou une autre forme d&rsquo;identification de la personne qui donne son consentement sera exig\u00e9.<\/p><p>Dans le cas des personnes \u00e2g\u00e9es de plus de quatorze ans, les donn\u00e9es peuvent \u00eatre trait\u00e9es avec le consentement de l&rsquo;utilisateur, sauf dans les cas o\u00f9 la loi exige l&rsquo;assistance des titulaires de l&rsquo;autorit\u00e9 parentale ou de la tutelle.<\/p><p><strong>Quelles mesures de s\u00e9curit\u00e9 appliquons-nous pour prot\u00e9ger vos donn\u00e9es personnelles ?<\/strong><\/p><p>PIROTECNIA IGUAL, S.A. a adopt\u00e9 les niveaux de s\u00e9curit\u00e9 l\u00e9galement requis pour la protection des donn\u00e9es personnelles et s&rsquo;efforce d&rsquo;installer tout autre moyen et mesure technique suppl\u00e9mentaire \u00e0 sa port\u00e9e pour \u00e9viter la perte, le mauvais usage, l&rsquo;alt\u00e9ration, l&rsquo;acc\u00e8s non autoris\u00e9 et le vol des donn\u00e9es personnelles fournies \u00e0 PIROTECNIA IGUAL, S.A..<\/p><p>PIROTECNIA IGUAL, S.A. n&rsquo;est pas responsable des dommages hypoth\u00e9tiques pouvant d\u00e9couler d&rsquo;interf\u00e9rences, d&rsquo;omissions, d&rsquo;interruptions, de virus informatiques, de pannes t\u00e9l\u00e9phoniques ou de d\u00e9connexions dans le fonctionnement op\u00e9rationnel de ce syst\u00e8me \u00e9lectronique, caus\u00e9s par des raisons ind\u00e9pendantes de la volont\u00e9 de PIROTECNIA IGUAL, S.A. ; de retards ou de blocages dans l&rsquo;utilisation de ce syst\u00e8me \u00e9lectronique caus\u00e9s par des d\u00e9ficiences ou des surcharges des lignes t\u00e9l\u00e9phoniques, ou par la d\u00e9faillance ou la surcharge du syst\u00e8me \u00e9lectronique.<\/p><p>L&rsquo;utilisateur doit \u00eatre conscient de l&rsquo;existence de d\u00e9ficiences ou de surcharges des lignes t\u00e9l\u00e9phoniques ou de surcharges dans le centre de traitement des donn\u00e9es, dans le syst\u00e8me Internet ou dans d&rsquo;autres syst\u00e8mes \u00e9lectroniques, ainsi que des dommages qui peuvent \u00eatre caus\u00e9s par des tiers au moyen d&rsquo;intrusions ill\u00e9gitimes \u00e9chappant au contr\u00f4le de PIROTECNIA IGUAL, S.A.. N\u00e9anmoins, l&rsquo;utilisateur doit \u00eatre conscient que les mesures de s\u00e9curit\u00e9 d&rsquo;Internet ne sont pas infaillibles.<\/p><p><strong>Liens vers d&rsquo;autres sites web<\/strong><\/p><p>Le site web <a href=\"https:\/\/www.pirotecniaigual.com\">https:\/\/www.pirotecniaigual.com<\/a> peut contenir des liens vers d&rsquo;autres sites web. En cliquant sur l&rsquo;un de ces liens et en acc\u00e9dant \u00e0 un site web externe, la visite sera soumise \u00e0 la politique de confidentialit\u00e9 dudit site web, et PIROTECNIA IGUAL, S.A. ne sera pas responsable de sa politique de confidentialit\u00e9.<\/p><p>\u00a0<\/p><p><strong>Comment utilisons-nous les cookies ?<\/strong><\/p><p>Le site web de PIROTECNIA IGUAL, S.A. utilise des cookies pour optimiser et personnaliser votre exp\u00e9rience de navigation. Les cookies sont des fichiers physiques d&rsquo;information qui sont stock\u00e9s dans le terminal de l&rsquo;utilisateur. L&rsquo;information recueillie par le biais des cookies est utilis\u00e9e pour faciliter la navigation de l&rsquo;utilisateur sur le portail et pour optimiser l&rsquo;exp\u00e9rience de navigation. Les donn\u00e9es collect\u00e9es par le biais des cookies peuvent \u00eatre partag\u00e9es avec les cr\u00e9ateurs de ces derniers, mais en aucun cas les informations obtenues par ces derniers ne seront associ\u00e9es \u00e0 des donn\u00e9es personnelles ou \u00e0 des donn\u00e9es permettant d&rsquo;identifier l&rsquo;utilisateur.<\/p><p>Toutefois, si vous ne souhaitez pas que des cookies soient install\u00e9s sur votre disque dur, vous pouvez configurer votre navigateur pour emp\u00eacher l&rsquo;installation de ces fichiers. Pour plus d&rsquo;informations, veuillez consulter notre politique en mati\u00e8re de cookies <a href=\"https:\/\/www.pirotecniaigual.com\/politica-de-cookies\/\">https:\/\/www.pirotecniaigual.com\/politica-de-cookies\/.<\/a><\/p><p>\u00a0<\/p><p><strong>La politique de confidentialit\u00e9 peut-elle \u00eatre modifi\u00e9e ?<\/strong><\/p><p>Cette politique de confidentialit\u00e9 est susceptible d&rsquo;\u00eatre modifi\u00e9e. Nous vous recommandons de la consulter r\u00e9guli\u00e8rement.<\/p>\t\t\t\t\t\t\t\t<\/div>\n\t\t\t\t<\/div>\n\t\t\t\t\t<\/div>\n\t\t\t\t<\/div>\n\t\t\t\t<\/div>\n\t\t","protected":false},"excerpt":{"rendered":"<p>Informations de base sur la protection des donn\u00e9es Responsable PIROTECNIA IGUAL, S.A. Objet Fourniture de services en ligneGestion des utilisateurs du site webCommunications commerciales li\u00e9es \u00e0 nos services L\u00e9gitimit\u00e9 Consentement expr\u00e8s et int\u00e9r\u00eat l\u00e9gitime Destinataires Aucune donn\u00e9e n&rsquo;est c\u00e9d\u00e9e \u00e0 des tiers, sauf obligation l\u00e9gale. Droits Acc\u00e8s, rectification et suppression des donn\u00e9es, ainsi que d&rsquo;autres [&hellip;]<\/p>\n","protected":false},"author":2,"featured_media":0,"parent":0,"menu_order":0,"comment_status":"closed","ping_status":"closed","template":"","meta":{"footnotes":""},"class_list":["post-964","page","type-page","status-publish","hentry"],"_links":{"self":[{"href":"https:\/\/www.pirotecniaigual.com\/fr\/wp-json\/wp\/v2\/pages\/964","targetHints":{"allow":["GET"]}}],"collection":[{"href":"https:\/\/www.pirotecniaigual.com\/fr\/wp-json\/wp\/v2\/pages"}],"about":[{"href":"https:\/\/www.pirotecniaigual.com\/fr\/wp-json\/wp\/v2\/types\/page"}],"author":[{"embeddable":true,"href":"https:\/\/www.pirotecniaigual.com\/fr\/wp-json\/wp\/v2\/users\/2"}],"replies":[{"embeddable":true,"href":"https:\/\/www.pirotecniaigual.com\/fr\/wp-json\/wp\/v2\/comments?post=964"}],"version-history":[{"count":4,"href":"https:\/\/www.pirotecniaigual.com\/fr\/wp-json\/wp\/v2\/pages\/964\/revisions"}],"predecessor-version":[{"id":992,"href":"https:\/\/www.pirotecniaigual.com\/fr\/wp-json\/wp\/v2\/pages\/964\/revisions\/992"}],"wp:attachment":[{"href":"https:\/\/www.pirotecniaigual.com\/fr\/wp-json\/wp\/v2\/media?parent=964"}],"curies":[{"name":"wp","href":"https:\/\/api.w.org\/{rel}","templated":true}]}}