{"id":685,"date":"2024-05-09T09:45:09","date_gmt":"2024-05-09T07:45:09","guid":{"rendered":"https:\/\/dev.pirotecniaigual.com\/correfocs\/"},"modified":"2024-12-04T11:00:23","modified_gmt":"2024-12-04T10:00:23","slug":"correfocs","status":"publish","type":"page","link":"https:\/\/www.pirotecniaigual.com\/fr\/correfocs\/","title":{"rendered":"Correfocs"},"content":{"rendered":"\t\t<div data-elementor-type=\"wp-page\" data-elementor-id=\"685\" class=\"elementor elementor-685\" data-elementor-post-type=\"page\">\n\t\t\t\t<div class=\"elementor-element elementor-element-a814dd3 e-con-full e-flex e-con e-parent\" data-id=\"a814dd3\" data-element_type=\"container\" data-e-type=\"container\" data-settings=\"{&quot;background_background&quot;:&quot;video&quot;,&quot;background_video_link&quot;:&quot;\\\/wp-content\\\/uploads\\\/2024\\\/10\\\/correfoc2-1.mp4&quot;}\">\n\t\t<div class=\"elementor-background-video-container elementor-hidden-mobile\">\n\t\t\t\t\t\t\t<video class=\"elementor-background-video-hosted\" role=\"presentation\" autoplay muted playsinline loop><\/video>\n\t\t\t\t\t<\/div><div class=\"elementor-element elementor-element-eca14f5 e-con-full e-flex e-con e-child\" data-id=\"eca14f5\" data-element_type=\"container\" data-e-type=\"container\" data-settings=\"{&quot;background_background&quot;:&quot;classic&quot;}\">\n\t\t\t\t<div class=\"elementor-element elementor-element-9a56386 elementor-widget elementor-widget-heading\" data-id=\"9a56386\" data-element_type=\"widget\" data-e-type=\"widget\" data-widget_type=\"heading.default\">\n\t\t\t\t<div class=\"elementor-widget-container\">\n\t\t\t\t\t<h2 class=\"elementor-heading-title elementor-size-default\">Nous sommes sp\u00e9cialis\u00e9s dans la fabrication d'articles pour les \u2018\u2019correfocs\u2019\u2019, une tradition vibrante et passionnante de la culture catalaine.<\/h2>\t\t\t\t<\/div>\n\t\t\t\t<\/div>\n\t\t\t\t<\/div>\n\t\t\t\t<\/div>\n\t\t<div class=\"elementor-element elementor-element-05a314e e-con-full e-flex e-con e-parent\" data-id=\"05a314e\" data-element_type=\"container\" data-e-type=\"container\">\n\t\t<div class=\"elementor-element elementor-element-6e5501e e-con-full e-flex e-con e-child\" data-id=\"6e5501e\" data-element_type=\"container\" data-e-type=\"container\" data-settings=\"{&quot;background_background&quot;:&quot;classic&quot;}\">\n\t\t\t\t<div class=\"elementor-element elementor-element-57df461 elementor-widget__width-initial elementor-widget elementor-widget-text-editor\" data-id=\"57df461\" data-element_type=\"widget\" data-e-type=\"widget\" data-widget_type=\"text-editor.default\">\n\t\t\t\t<div class=\"elementor-widget-container\">\n\t\t\t\t\t\t\t\t\t<p>Avec des ann\u00e9es d&rsquo;exp\u00e9rience et un engagement ind\u00e9fectible envers la qualit\u00e9, notre objectif est de fournir aux groupes de \u2018\u2019correfocs\u2019\u2019 et \u00e0 tous les passionn\u00e9s de cette f\u00eate les meilleurs mat\u00e9riaux et accessoires pour faire de chaque \u00e9v\u00e9nement une exp\u00e9rience inoubliable.<\/p>\t\t\t\t\t\t\t\t<\/div>\n\t\t\t\t<\/div>\n\t\t\t\t<div class=\"elementor-element elementor-element-02739f4 elementor-widget elementor-widget-text-editor\" data-id=\"02739f4\" data-element_type=\"widget\" data-e-type=\"widget\" data-widget_type=\"text-editor.default\">\n\t\t\t\t<div class=\"elementor-widget-container\">\n\t\t\t\t\t\t\t\t\t<p>Pour voir nos produits, t\u00e9l\u00e9chargez notre catalogue.<\/p>\t\t\t\t\t\t\t\t<\/div>\n\t\t\t\t<\/div>\n\t\t\t\t<div class=\"elementor-element elementor-element-c5b8404 elementor-widget elementor-widget-button\" data-id=\"c5b8404\" data-element_type=\"widget\" data-e-type=\"widget\" data-widget_type=\"button.default\">\n\t\t\t\t<div class=\"elementor-widget-container\">\n\t\t\t\t\t\t\t\t\t<div class=\"elementor-button-wrapper\">\n\t\t\t\t\t<a class=\"elementor-button elementor-button-link elementor-size-sm\" href=\"\/wp-content\/uploads\/2024\/11\/Catalogo_Correfocs_compressed.pdf\">\n\t\t\t\t\t\t<span class=\"elementor-button-content-wrapper\">\n\t\t\t\t\t\t\t\t\t<span class=\"elementor-button-text\">Catalogue Correfocs<\/span>\n\t\t\t\t\t<\/span>\n\t\t\t\t\t<\/a>\n\t\t\t\t<\/div>\n\t\t\t\t\t\t\t\t<\/div>\n\t\t\t\t<\/div>\n\t\t\t\t<\/div>\n\t\t<div class=\"elementor-element elementor-element-0db05ea e-con-full e-flex e-con e-child\" data-id=\"0db05ea\" data-element_type=\"container\" data-e-type=\"container\" data-settings=\"{&quot;background_background&quot;:&quot;classic&quot;,&quot;background_motion_fx_motion_fx_scrolling&quot;:&quot;yes&quot;,&quot;background_motion_fx_scale_effect&quot;:&quot;yes&quot;,&quot;background_motion_fx_scale_direction&quot;:&quot;in-out-in&quot;,&quot;background_motion_fx_scale_speed&quot;:{&quot;unit&quot;:&quot;px&quot;,&quot;size&quot;:3,&quot;sizes&quot;:[]},&quot;background_motion_fx_scale_range&quot;:{&quot;unit&quot;:&quot;%&quot;,&quot;size&quot;:&quot;&quot;,&quot;sizes&quot;:{&quot;start&quot;:30,&quot;end&quot;:70}},&quot;background_motion_fx_devices&quot;:[&quot;desktop&quot;,&quot;tablet&quot;,&quot;mobile&quot;]}\">\n\t\t\t\t<\/div>\n\t\t\t\t<\/div>\n\t\t\t\t<\/div>\n\t\t","protected":false},"excerpt":{"rendered":"<p>Nous sommes sp\u00e9cialis\u00e9s dans la fabrication d&rsquo;articles pour les \u2018\u2019correfocs\u2019\u2019, une tradition vibrante et passionnante de la culture catalaine. Avec des ann\u00e9es d&rsquo;exp\u00e9rience et un engagement ind\u00e9fectible envers la qualit\u00e9, notre objectif est de fournir aux groupes de \u2018\u2019correfocs\u2019\u2019 et \u00e0 tous les passionn\u00e9s de cette f\u00eate les meilleurs mat\u00e9riaux et accessoires pour faire de [&hellip;]<\/p>\n","protected":false},"author":1,"featured_media":0,"parent":0,"menu_order":30,"comment_status":"closed","ping_status":"closed","template":"","meta":{"footnotes":""},"class_list":["post-685","page","type-page","status-publish","hentry"],"_links":{"self":[{"href":"https:\/\/www.pirotecniaigual.com\/fr\/wp-json\/wp\/v2\/pages\/685","targetHints":{"allow":["GET"]}}],"collection":[{"href":"https:\/\/www.pirotecniaigual.com\/fr\/wp-json\/wp\/v2\/pages"}],"about":[{"href":"https:\/\/www.pirotecniaigual.com\/fr\/wp-json\/wp\/v2\/types\/page"}],"author":[{"embeddable":true,"href":"https:\/\/www.pirotecniaigual.com\/fr\/wp-json\/wp\/v2\/users\/1"}],"replies":[{"embeddable":true,"href":"https:\/\/www.pirotecniaigual.com\/fr\/wp-json\/wp\/v2\/comments?post=685"}],"version-history":[{"count":9,"href":"https:\/\/www.pirotecniaigual.com\/fr\/wp-json\/wp\/v2\/pages\/685\/revisions"}],"predecessor-version":[{"id":928,"href":"https:\/\/www.pirotecniaigual.com\/fr\/wp-json\/wp\/v2\/pages\/685\/revisions\/928"}],"wp:attachment":[{"href":"https:\/\/www.pirotecniaigual.com\/fr\/wp-json\/wp\/v2\/media?parent=685"}],"curies":[{"name":"wp","href":"https:\/\/api.w.org\/{rel}","templated":true}]}}