{"id":682,"date":"2024-05-09T09:44:52","date_gmt":"2024-05-09T07:44:52","guid":{"rendered":"https:\/\/dev.pirotecniaigual.com\/eventos\/"},"modified":"2025-01-07T12:15:54","modified_gmt":"2025-01-07T11:15:54","slug":"eventos","status":"publish","type":"page","link":"https:\/\/www.pirotecniaigual.com\/fr\/eventos\/","title":{"rendered":"\u00c9v\u00e9nements"},"content":{"rendered":"\t\t<div data-elementor-type=\"wp-page\" data-elementor-id=\"682\" class=\"elementor elementor-682\" data-elementor-post-type=\"page\">\n\t\t\t\t<div class=\"elementor-element elementor-element-4e443b8 e-con-full e-flex e-con e-parent\" data-id=\"4e443b8\" data-element_type=\"container\" data-e-type=\"container\">\n\t\t\t\t<div class=\"elementor-element elementor-element-24cc68c elementor-arrows-position-inside elementor-widget elementor-widget-image-carousel\" data-id=\"24cc68c\" data-element_type=\"widget\" data-e-type=\"widget\" data-settings=\"{&quot;slides_to_show&quot;:&quot;1&quot;,&quot;navigation&quot;:&quot;arrows&quot;,&quot;autoplay&quot;:&quot;yes&quot;,&quot;pause_on_hover&quot;:&quot;yes&quot;,&quot;pause_on_interaction&quot;:&quot;yes&quot;,&quot;autoplay_speed&quot;:5000,&quot;infinite&quot;:&quot;yes&quot;,&quot;effect&quot;:&quot;slide&quot;,&quot;speed&quot;:500}\" data-widget_type=\"image-carousel.default\">\n\t\t\t\t<div class=\"elementor-widget-container\">\n\t\t\t\t\t\t\t<div class=\"elementor-image-carousel-wrapper swiper\" role=\"region\" aria-roledescription=\"carousel\" aria-label=\"Carrousel d\u2019images\" dir=\"ltr\">\n\t\t\t<div class=\"elementor-image-carousel swiper-wrapper\" aria-live=\"off\">\n\t\t\t\t\t\t\t\t<div class=\"swiper-slide\" role=\"group\" aria-roledescription=\"slide\" aria-label=\"1 sur 13\"><figure class=\"swiper-slide-inner\"><img decoding=\"async\" class=\"swiper-slide-image\" src=\"https:\/\/www.pirotecniaigual.com\/wp-content\/uploads\/elementor\/thumbs\/La-Merce-qvz04rxxmz23pgdbym9rpwet3k8iekzbux3gli0v1k.jpg\" alt=\"F\u00eates de La Merc\u00e8 \u00b7 Barcelone 2024\" \/><figcaption class=\"elementor-image-carousel-caption\">F\u00eates de La Merc\u00e8 \u00b7 Barcelone 2024<\/figcaption><\/figure><\/div><div class=\"swiper-slide\" role=\"group\" aria-roledescription=\"slide\" aria-label=\"2 sur 13\"><figure class=\"swiper-slide-inner\"><img decoding=\"async\" class=\"swiper-slide-image\" src=\"https:\/\/www.pirotecniaigual.com\/wp-content\/uploads\/elementor\/thumbs\/2DSC_0474_1-scaled-qsvnq998clsduttwbk6wmmzbeizh1izefrh8het2co.jpg\" alt=\"Emir Cup \u00b7 Qatar 2024\" \/><figcaption class=\"elementor-image-carousel-caption\">Emir Cup \u00b7 Qatar 2024<\/figcaption><\/figure><\/div><div class=\"swiper-slide\" role=\"group\" aria-roledescription=\"slide\" aria-label=\"3 sur 13\"><figure class=\"swiper-slide-inner\"><img decoding=\"async\" class=\"swiper-slide-image\" src=\"https:\/\/www.pirotecniaigual.com\/wp-content\/uploads\/elementor\/thumbs\/Arabia_FoundingDay-copia-2-qznjj0z2xnkyx2hwc95z99xglmj7giyy2q3yv8k6qw.jpg\" alt=\"Jour de la Fondation \u00b7 Arabie Saoudite 2024\" \/><figcaption class=\"elementor-image-carousel-caption\">Jour de la Fondation \u00b7 Arabie Saoudite 2024<\/figcaption><\/figure><\/div><div class=\"swiper-slide\" role=\"group\" aria-roledescription=\"slide\" aria-label=\"4 sur 13\"><figure class=\"swiper-slide-inner\"><img decoding=\"async\" class=\"swiper-slide-image\" src=\"https:\/\/www.pirotecniaigual.com\/wp-content\/uploads\/elementor\/thumbs\/Abu-Dhabi-1-qznjjqcq26jpmjh1824wmliwn1248crp67q2tpik2w.jpg\" alt=\"Abu Dhabi\" \/><figcaption class=\"elementor-image-carousel-caption\">Abu Dhabi<\/figcaption><\/figure><\/div><div class=\"swiper-slide\" role=\"group\" aria-roledescription=\"slide\" aria-label=\"5 sur 13\"><figure class=\"swiper-slide-inner\"><img decoding=\"async\" class=\"swiper-slide-image\" src=\"https:\/\/www.pirotecniaigual.com\/wp-content\/uploads\/elementor\/thumbs\/sitges_fiesta_mayor-2-qznjk6bzad5l3wttmr1kazhqqkvcv7j4wetbzeuv54.jpg\" alt=\"Sitges \u00b7 F\u00eate Majeure 2024\" \/><figcaption class=\"elementor-image-carousel-caption\">Sitges \u00b7 F\u00eate Majeure 2024<\/figcaption><\/figure><\/div><div class=\"swiper-slide\" role=\"group\" aria-roledescription=\"slide\" aria-label=\"6 sur 13\"><figure class=\"swiper-slide-inner\"><img decoding=\"async\" class=\"swiper-slide-image\" src=\"https:\/\/www.pirotecniaigual.com\/wp-content\/uploads\/elementor\/thumbs\/correfocs-1-qznjko6ww7u18i3vqgrh4czi0wfbxgi1av7k3o4duw.jpg\" alt=\"Correfocs 2024\" \/><figcaption class=\"elementor-image-carousel-caption\">Correfocs 2024<\/figcaption><\/figure><\/div><div class=\"swiper-slide\" role=\"group\" aria-roledescription=\"slide\" aria-label=\"7 sur 13\"><figure class=\"swiper-slide-inner\"><img decoding=\"async\" class=\"swiper-slide-image\" src=\"https:\/\/www.pirotecniaigual.com\/wp-content\/uploads\/elementor\/thumbs\/Santiago_compostela-copia-2-qznjl1cnjwc1r1krlmg939nycamgx7ya0occtjkvfs.jpg\" alt=\"F\u00eates des Ap\u00f4tres \u00b7 Santiago de Compostela 2024\" \/><figcaption class=\"elementor-image-carousel-caption\">F\u00eates des Ap\u00f4tres \u00b7 Santiago de Compostela 2024<\/figcaption><\/figure><\/div><div class=\"swiper-slide\" role=\"group\" aria-roledescription=\"slide\" aria-label=\"8 sur 13\"><figure class=\"swiper-slide-inner\"><img decoding=\"async\" class=\"swiper-slide-image\" src=\"https:\/\/www.pirotecniaigual.com\/wp-content\/uploads\/elementor\/thumbs\/Lusail-Estadio_Qatar-1-qznjlnws3x6xhonzxw7ar3z0ljja1yfu3s00c6nfag.jpg\" alt=\"Stade Lusail \u00b7 Qatar 2024\" \/><figcaption class=\"elementor-image-carousel-caption\">Stade Lusail \u00b7 Qatar 2024<\/figcaption><\/figure><\/div><div class=\"swiper-slide\" role=\"group\" aria-roledescription=\"slide\" aria-label=\"9 sur 13\"><figure class=\"swiper-slide-inner\"><img decoding=\"async\" class=\"swiper-slide-image\" src=\"https:\/\/www.pirotecniaigual.com\/wp-content\/uploads\/elementor\/thumbs\/Sitges_def-2-qznjmkt4r4fys1c7lsf8odo5e114jd2fwau04van8o.jpg\" alt=\"Sitges \u00b7 Santa Tecla 2024\" \/><figcaption class=\"elementor-image-carousel-caption\">Sitges \u00b7 Santa Tecla 2024<\/figcaption><\/figure><\/div><div class=\"swiper-slide\" role=\"group\" aria-roledescription=\"slide\" aria-label=\"10 sur 13\"><figure class=\"swiper-slide-inner\"><img decoding=\"async\" class=\"swiper-slide-image\" src=\"https:\/\/www.pirotecniaigual.com\/wp-content\/uploads\/elementor\/thumbs\/Sanauja-1-qznjna6rvnephibchle61p9lffk1b6v6zsg43c90ko.jpg\" alt=\"F\u00eate Majeure \u00b7 Sana\u00fcja 2024\" \/><figcaption class=\"elementor-image-carousel-caption\">F\u00eate Majeure \u00b7 Sana\u00fcja 2024<\/figcaption><\/figure><\/div><div class=\"swiper-slide\" role=\"group\" aria-roledescription=\"slide\" aria-label=\"11 sur 13\"><figure class=\"swiper-slide-inner\"><img decoding=\"async\" class=\"swiper-slide-image\" src=\"https:\/\/www.pirotecniaigual.com\/wp-content\/uploads\/elementor\/thumbs\/Saudi_Arabia_National_Day_1-4-qznjnxoqmiavjrd7odjua1c4a2c7nmghf0r939a694.jpg\" alt=\"Jour de la Fondation \u00b7 Arabie Saoudite 2024\" \/><figcaption class=\"elementor-image-carousel-caption\">Jour de la Fondation \u00b7 Arabie Saoudite 2024<\/figcaption><\/figure><\/div><div class=\"swiper-slide\" role=\"group\" aria-roledescription=\"slide\" aria-label=\"12 sur 13\"><figure class=\"swiper-slide-inner\"><img decoding=\"async\" class=\"swiper-slide-image\" src=\"https:\/\/www.pirotecniaigual.com\/wp-content\/uploads\/elementor\/thumbs\/Vilanova-2-qznjp15yljsx3drv9um66rdh88xmmwt7kg5n8vnmzs.jpg\" alt=\"F\u00eate Majeure \u00b7 Vilanova i la Geltr\u00fa 2024\" \/><figcaption class=\"elementor-image-carousel-caption\">F\u00eate Majeure \u00b7 Vilanova i la Geltr\u00fa 2024<\/figcaption><\/figure><\/div><div class=\"swiper-slide\" role=\"group\" aria-roledescription=\"slide\" aria-label=\"13 sur 13\"><figure class=\"swiper-slide-inner\"><img decoding=\"async\" class=\"swiper-slide-image\" src=\"https:\/\/www.pirotecniaigual.com\/wp-content\/uploads\/elementor\/thumbs\/Fuegos-7-scaled-qvz0p9t8nx46vclj9z7wl87nf17n8zcmcd7mbpmtd4.jpg\" alt=\"Nouvel An \u00b7 Chili 2024\" \/><figcaption class=\"elementor-image-carousel-caption\">Nouvel An \u00b7 Chili 2024<\/figcaption><\/figure><\/div>\t\t\t<\/div>\n\t\t\t\t\t\t\t\t\t\t\t\t<div class=\"elementor-swiper-button elementor-swiper-button-prev\" role=\"button\" tabindex=\"0\">\n\t\t\t\t\t\t<svg aria-hidden=\"true\" class=\"e-font-icon-svg e-eicon-chevron-left\" viewBox=\"0 0 1000 1000\" xmlns=\"http:\/\/www.w3.org\/2000\/svg\"><path d=\"M646 125C629 125 613 133 604 142L308 442C296 454 292 471 292 487 292 504 296 521 308 533L604 854C617 867 629 875 646 875 663 875 679 871 692 858 704 846 713 829 713 812 713 796 708 779 692 767L438 487 692 225C700 217 708 204 708 187 708 171 704 154 692 142 675 129 663 125 646 125Z\"><\/path><\/svg>\t\t\t\t\t<\/div>\n\t\t\t\t\t<div class=\"elementor-swiper-button elementor-swiper-button-next\" role=\"button\" tabindex=\"0\">\n\t\t\t\t\t\t<svg aria-hidden=\"true\" class=\"e-font-icon-svg e-eicon-chevron-right\" viewBox=\"0 0 1000 1000\" xmlns=\"http:\/\/www.w3.org\/2000\/svg\"><path d=\"M696 533C708 521 713 504 713 487 713 471 708 454 696 446L400 146C388 133 375 125 354 125 338 125 325 129 313 142 300 154 292 171 292 187 292 204 296 221 308 233L563 492 304 771C292 783 288 800 288 817 288 833 296 850 308 863 321 871 338 875 354 875 371 875 388 867 400 854L696 533Z\"><\/path><\/svg>\t\t\t\t\t<\/div>\n\t\t\t\t\n\t\t\t\t\t\t\t\t\t<\/div>\n\t\t\t\t\t\t<\/div>\n\t\t\t\t<\/div>\n\t\t\t\t<\/div>\n\t\t<div class=\"elementor-element elementor-element-7d32d49 e-con-full e-flex e-con e-parent\" data-id=\"7d32d49\" data-element_type=\"container\" data-e-type=\"container\">\n\t\t<div class=\"elementor-element elementor-element-4aec1fb e-con-full e-flex e-con e-child\" data-id=\"4aec1fb\" data-element_type=\"container\" data-e-type=\"container\" data-settings=\"{&quot;background_background&quot;:&quot;classic&quot;}\">\n\t\t\t\t<div class=\"elementor-element elementor-element-d6ad0ff elementor-widget elementor-widget-heading\" data-id=\"d6ad0ff\" data-element_type=\"widget\" data-e-type=\"widget\" data-widget_type=\"heading.default\">\n\t\t\t\t<div class=\"elementor-widget-container\">\n\t\t\t\t\t<h2 class=\"elementor-heading-title elementor-size-default\">SPECTACLES PYROTECHNIQUES<\/h2>\t\t\t\t<\/div>\n\t\t\t\t<\/div>\n\t\t\t\t<div class=\"elementor-element elementor-element-c4aa85b elementor-widget__width-initial elementor-widget elementor-widget-text-editor\" data-id=\"c4aa85b\" data-element_type=\"widget\" data-e-type=\"widget\" data-widget_type=\"text-editor.default\">\n\t\t\t\t<div class=\"elementor-widget-container\">\n\t\t\t\t\t\t\t\t\t<p>Avec une \u00e9quipe d&rsquo;experts passionn\u00e9s par la conception d&rsquo;\u00e9v\u00e9nements pyrotechniques, nous offrons un service complet incluant la conception, la planification et l&rsquo;ex\u00e9cution des spectacles autour du monde.<\/p>\t\t\t\t\t\t\t\t<\/div>\n\t\t\t\t<\/div>\n\t\t\t\t<\/div>\n\t\t<div class=\"elementor-element elementor-element-61bd2fa e-con-full e-flex e-con e-child\" data-id=\"61bd2fa\" data-element_type=\"container\" data-e-type=\"container\" data-settings=\"{&quot;background_background&quot;:&quot;classic&quot;,&quot;background_motion_fx_motion_fx_scrolling&quot;:&quot;yes&quot;,&quot;background_motion_fx_scale_effect&quot;:&quot;yes&quot;,&quot;background_motion_fx_scale_direction&quot;:&quot;in-out-in&quot;,&quot;background_motion_fx_scale_speed&quot;:{&quot;unit&quot;:&quot;px&quot;,&quot;size&quot;:3,&quot;sizes&quot;:[]},&quot;background_motion_fx_scale_range&quot;:{&quot;unit&quot;:&quot;%&quot;,&quot;size&quot;:&quot;&quot;,&quot;sizes&quot;:{&quot;start&quot;:30,&quot;end&quot;:70}},&quot;background_motion_fx_devices&quot;:[&quot;desktop&quot;,&quot;tablet&quot;,&quot;mobile&quot;]}\">\n\t\t\t\t<\/div>\n\t\t\t\t<\/div>\n\t\t<div class=\"elementor-element elementor-element-3cd73cb e-con-full e-flex e-con e-parent\" data-id=\"3cd73cb\" data-element_type=\"container\" data-e-type=\"container\">\n\t\t<div class=\"elementor-element elementor-element-7d568e8 e-con-full e-flex e-con e-child\" data-id=\"7d568e8\" data-element_type=\"container\" data-e-type=\"container\" data-settings=\"{&quot;background_background&quot;:&quot;classic&quot;,&quot;background_motion_fx_motion_fx_scrolling&quot;:&quot;yes&quot;,&quot;background_motion_fx_scale_effect&quot;:&quot;yes&quot;,&quot;background_motion_fx_scale_direction&quot;:&quot;in-out-in&quot;,&quot;background_motion_fx_scale_speed&quot;:{&quot;unit&quot;:&quot;px&quot;,&quot;size&quot;:3,&quot;sizes&quot;:[]},&quot;background_motion_fx_scale_range&quot;:{&quot;unit&quot;:&quot;%&quot;,&quot;size&quot;:&quot;&quot;,&quot;sizes&quot;:{&quot;start&quot;:30,&quot;end&quot;:70}},&quot;background_motion_fx_devices&quot;:[&quot;desktop&quot;,&quot;tablet&quot;,&quot;mobile&quot;]}\">\n\t\t\t\t<\/div>\n\t\t<div class=\"elementor-element elementor-element-d269d35 e-con-full e-flex e-con e-child\" data-id=\"d269d35\" data-element_type=\"container\" data-e-type=\"container\" data-settings=\"{&quot;background_background&quot;:&quot;classic&quot;}\">\n\t\t\t\t<div class=\"elementor-element elementor-element-33bb81b elementor-widget elementor-widget-heading\" data-id=\"33bb81b\" data-element_type=\"widget\" data-e-type=\"widget\" data-widget_type=\"heading.default\">\n\t\t\t\t<div class=\"elementor-widget-container\">\n\t\t\t\t\t<h2 class=\"elementor-heading-title elementor-size-default\">SPECTACLES <\/h2>\t\t\t\t<\/div>\n\t\t\t\t<\/div>\n\t\t\t\t<div class=\"elementor-element elementor-element-7a44e24 elementor-widget elementor-widget-heading\" data-id=\"7a44e24\" data-element_type=\"widget\" data-e-type=\"widget\" data-widget_type=\"heading.default\">\n\t\t\t\t<div class=\"elementor-widget-container\">\n\t\t\t\t\t<h2 class=\"elementor-heading-title elementor-size-default\">MULTIM\u00c9DIAS<\/h2>\t\t\t\t<\/div>\n\t\t\t\t<\/div>\n\t\t\t\t<div class=\"elementor-element elementor-element-3235f1a elementor-widget__width-initial elementor-widget elementor-widget-text-editor\" data-id=\"3235f1a\" data-element_type=\"widget\" data-e-type=\"widget\" data-widget_type=\"text-editor.default\">\n\t\t\t\t<div class=\"elementor-widget-container\">\n\t\t\t\t\t\t\t\t\t<p>Nous sommes sp\u00e9cialis\u00e9s dans la cr\u00e9ation de spectacles visuels qui transforment chaque \u00e9v\u00e9nement en une exp\u00e9rience inoubliable<\/p>\t\t\t\t\t\t\t\t<\/div>\n\t\t\t\t<\/div>\n\t\t\t\t<\/div>\n\t\t\t\t<\/div>\n\t\t<div class=\"elementor-element elementor-element-c2992b2 e-con-full e-grid e-con e-parent\" data-id=\"c2992b2\" data-element_type=\"container\" data-e-type=\"container\">\n\t\t<div class=\"elementor-element elementor-element-b98f53d e-con-full e-flex e-con e-child\" data-id=\"b98f53d\" data-element_type=\"container\" data-e-type=\"container\" data-settings=\"{&quot;background_background&quot;:&quot;classic&quot;,&quot;background_motion_fx_motion_fx_scrolling&quot;:&quot;yes&quot;,&quot;background_motion_fx_scale_effect&quot;:&quot;yes&quot;,&quot;background_motion_fx_scale_direction&quot;:&quot;in-out-in&quot;,&quot;background_motion_fx_scale_speed&quot;:{&quot;unit&quot;:&quot;px&quot;,&quot;size&quot;:3,&quot;sizes&quot;:[]},&quot;background_motion_fx_scale_range&quot;:{&quot;unit&quot;:&quot;%&quot;,&quot;size&quot;:&quot;&quot;,&quot;sizes&quot;:{&quot;start&quot;:30,&quot;end&quot;:70}},&quot;background_motion_fx_devices&quot;:[&quot;desktop&quot;,&quot;tablet&quot;,&quot;mobile&quot;]}\">\n\t\t\t\t<\/div>\n\t\t<div class=\"elementor-element elementor-element-1666c2d e-con-full e-flex e-con e-child\" data-id=\"1666c2d\" data-element_type=\"container\" data-e-type=\"container\" data-settings=\"{&quot;background_background&quot;:&quot;classic&quot;}\">\n\t\t\t\t<div class=\"elementor-element elementor-element-df98dce elementor-widget elementor-widget-heading\" data-id=\"df98dce\" data-element_type=\"widget\" data-e-type=\"widget\" data-widget_type=\"heading.default\">\n\t\t\t\t<div class=\"elementor-widget-container\">\n\t\t\t\t\t<h2 class=\"elementor-heading-title elementor-size-default\">\u00c9V\u00c9NEMENTS <\/h2>\t\t\t\t<\/div>\n\t\t\t\t<\/div>\n\t\t\t\t<div class=\"elementor-element elementor-element-e8a94e9 elementor-widget elementor-widget-heading\" data-id=\"e8a94e9\" data-element_type=\"widget\" data-e-type=\"widget\" data-widget_type=\"heading.default\">\n\t\t\t\t<div class=\"elementor-widget-container\">\n\t\t\t\t\t<h2 class=\"elementor-heading-title elementor-size-default\">SPORTIFS<\/h2>\t\t\t\t<\/div>\n\t\t\t\t<\/div>\n\t\t\t\t<div class=\"elementor-element elementor-element-be82170 elementor-widget elementor-widget-spacer\" data-id=\"be82170\" data-element_type=\"widget\" data-e-type=\"widget\" data-widget_type=\"spacer.default\">\n\t\t\t\t<div class=\"elementor-widget-container\">\n\t\t\t\t\t\t\t<div class=\"elementor-spacer\">\n\t\t\t<div class=\"elementor-spacer-inner\"><\/div>\n\t\t<\/div>\n\t\t\t\t\t\t<\/div>\n\t\t\t\t<\/div>\n\t\t\t\t<div class=\"elementor-element elementor-element-3af9661 elementor-widget__width-initial elementor-widget elementor-widget-text-editor\" data-id=\"3af9661\" data-element_type=\"widget\" data-e-type=\"widget\" data-widget_type=\"text-editor.default\">\n\t\t\t\t<div class=\"elementor-widget-container\">\n\t\t\t\t\t\t\t\t\t<p>Notre approche se concentre sur la cr\u00e9ation d&rsquo;exp\u00e9riences m\u00e9morables combinant l&rsquo;adr\u00e9naline du sport avec la magie du feu et de la lumi\u00e8re pour am\u00e9liorer l&rsquo;atmosph\u00e8re des comp\u00e9titions et c\u00e9l\u00e9brations sportives.<\/p>\t\t\t\t\t\t\t\t<\/div>\n\t\t\t\t<\/div>\n\t\t\t\t<\/div>\n\t\t<div class=\"elementor-element elementor-element-25aab5e e-con-full e-flex e-con e-child\" data-id=\"25aab5e\" data-element_type=\"container\" data-e-type=\"container\" data-settings=\"{&quot;background_background&quot;:&quot;classic&quot;,&quot;background_motion_fx_motion_fx_scrolling&quot;:&quot;yes&quot;,&quot;background_motion_fx_scale_effect&quot;:&quot;yes&quot;,&quot;background_motion_fx_scale_direction&quot;:&quot;in-out-in&quot;,&quot;background_motion_fx_scale_speed&quot;:{&quot;unit&quot;:&quot;px&quot;,&quot;size&quot;:3,&quot;sizes&quot;:[]},&quot;background_motion_fx_scale_range&quot;:{&quot;unit&quot;:&quot;%&quot;,&quot;size&quot;:&quot;&quot;,&quot;sizes&quot;:{&quot;start&quot;:31,&quot;end&quot;:71}},&quot;background_motion_fx_devices&quot;:[&quot;desktop&quot;,&quot;tablet&quot;,&quot;mobile&quot;]}\">\n\t\t\t\t<\/div>\n\t\t<div class=\"elementor-element elementor-element-296baa5 e-con-full e-flex e-con e-child\" data-id=\"296baa5\" data-element_type=\"container\" data-e-type=\"container\" data-settings=\"{&quot;background_background&quot;:&quot;classic&quot;}\">\n\t\t\t\t<div class=\"elementor-element elementor-element-4294528 elementor-widget elementor-widget-heading\" data-id=\"4294528\" data-element_type=\"widget\" data-e-type=\"widget\" data-widget_type=\"heading.default\">\n\t\t\t\t<div class=\"elementor-widget-container\">\n\t\t\t\t\t<h2 class=\"elementor-heading-title elementor-size-default\">COMPL\u00c9MENTS <\/h2>\t\t\t\t<\/div>\n\t\t\t\t<\/div>\n\t\t\t\t<div class=\"elementor-element elementor-element-90e9852 elementor-widget elementor-widget-heading\" data-id=\"90e9852\" data-element_type=\"widget\" data-e-type=\"widget\" data-widget_type=\"heading.default\">\n\t\t\t\t<div class=\"elementor-widget-container\">\n\t\t\t\t\t<h2 class=\"elementor-heading-title elementor-size-default\">POUR SPECTACLES<\/h2>\t\t\t\t<\/div>\n\t\t\t\t<\/div>\n\t\t\t\t<div class=\"elementor-element elementor-element-d7f892d elementor-widget elementor-widget-spacer\" data-id=\"d7f892d\" data-element_type=\"widget\" data-e-type=\"widget\" data-widget_type=\"spacer.default\">\n\t\t\t\t<div class=\"elementor-widget-container\">\n\t\t\t\t\t\t\t<div class=\"elementor-spacer\">\n\t\t\t<div class=\"elementor-spacer-inner\"><\/div>\n\t\t<\/div>\n\t\t\t\t\t\t<\/div>\n\t\t\t\t<\/div>\n\t\t\t\t<div class=\"elementor-element elementor-element-88c5b44 elementor-widget__width-initial elementor-widget elementor-widget-text-editor\" data-id=\"88c5b44\" data-element_type=\"widget\" data-e-type=\"widget\" data-widget_type=\"text-editor.default\">\n\t\t\t\t<div class=\"elementor-widget-container\">\n\t\t\t\t\t\t\t\t\t<p>Nous rendons vos \u00e9v\u00e9nements encore plus impressionnants avec des compl\u00e9ments tels que des flammes, \u00e9tincelles, lasers, mapping et bien plus, pour des effets visuels saisissants.<\/p>\t\t\t\t\t\t\t\t<\/div>\n\t\t\t\t<\/div>\n\t\t\t\t<\/div>\n\t\t\t\t<\/div>\n\t\t<div class=\"elementor-element elementor-element-8f6efb3 e-con-full e-flex e-con e-parent\" data-id=\"8f6efb3\" data-element_type=\"container\" data-e-type=\"container\" data-settings=\"{&quot;background_background&quot;:&quot;classic&quot;}\">\n\t\t<div class=\"elementor-element elementor-element-7d64270 e-con-full e-flex e-con e-child\" data-id=\"7d64270\" data-element_type=\"container\" data-e-type=\"container\" data-settings=\"{&quot;background_background&quot;:&quot;classic&quot;}\">\n\t\t\t\t<div class=\"elementor-element elementor-element-6d6a910 elementor-widget elementor-widget-heading\" data-id=\"6d6a910\" data-element_type=\"widget\" data-e-type=\"widget\" data-widget_type=\"heading.default\">\n\t\t\t\t<div class=\"elementor-widget-container\">\n\t\t\t\t\t<span class=\"elementor-heading-title elementor-size-default\">Nous r\u00e9alisons des spectacles autour du monde.<\/span>\t\t\t\t<\/div>\n\t\t\t\t<\/div>\n\t\t\t\t<\/div>\n\t\t\t\t<\/div>\n\t\t\t\t<\/div>\n\t\t","protected":false},"excerpt":{"rendered":"<p>F\u00eates de La Merc\u00e8 \u00b7 Barcelone 2024 Emir Cup \u00b7 Qatar 2024 Jour de la Fondation \u00b7 Arabie Saoudite 2024 Abu Dhabi Sitges \u00b7 F\u00eate Majeure 2024 Correfocs 2024 F\u00eates des Ap\u00f4tres \u00b7 Santiago de Compostela 2024 Stade Lusail \u00b7 Qatar 2024 Sitges \u00b7 Santa Tecla 2024 F\u00eate Majeure \u00b7 Sana\u00fcja 2024 Jour de la [&hellip;]<\/p>\n","protected":false},"author":1,"featured_media":0,"parent":0,"menu_order":20,"comment_status":"closed","ping_status":"closed","template":"","meta":{"footnotes":""},"class_list":["post-682","page","type-page","status-publish","hentry"],"_links":{"self":[{"href":"https:\/\/www.pirotecniaigual.com\/fr\/wp-json\/wp\/v2\/pages\/682","targetHints":{"allow":["GET"]}}],"collection":[{"href":"https:\/\/www.pirotecniaigual.com\/fr\/wp-json\/wp\/v2\/pages"}],"about":[{"href":"https:\/\/www.pirotecniaigual.com\/fr\/wp-json\/wp\/v2\/types\/page"}],"author":[{"embeddable":true,"href":"https:\/\/www.pirotecniaigual.com\/fr\/wp-json\/wp\/v2\/users\/1"}],"replies":[{"embeddable":true,"href":"https:\/\/www.pirotecniaigual.com\/fr\/wp-json\/wp\/v2\/comments?post=682"}],"version-history":[{"count":8,"href":"https:\/\/www.pirotecniaigual.com\/fr\/wp-json\/wp\/v2\/pages\/682\/revisions"}],"predecessor-version":[{"id":1150,"href":"https:\/\/www.pirotecniaigual.com\/fr\/wp-json\/wp\/v2\/pages\/682\/revisions\/1150"}],"wp:attachment":[{"href":"https:\/\/www.pirotecniaigual.com\/fr\/wp-json\/wp\/v2\/media?parent=682"}],"curies":[{"name":"wp","href":"https:\/\/api.w.org\/{rel}","templated":true}]}}