{"id":973,"date":"2024-12-05T11:26:22","date_gmt":"2024-12-05T10:26:22","guid":{"rendered":"https:\/\/dev.pirotecniaigual.com\/aviso-legal\/"},"modified":"2024-12-05T11:37:58","modified_gmt":"2024-12-05T10:37:58","slug":"aviso-legal","status":"publish","type":"page","link":"https:\/\/www.pirotecniaigual.com\/ca\/aviso-legal\/","title":{"rendered":"Av\u00eds Legal"},"content":{"rendered":"\t\t<div data-elementor-type=\"wp-page\" data-elementor-id=\"973\" class=\"elementor elementor-973\" data-elementor-post-type=\"page\">\n\t\t\t\t<div class=\"elementor-element elementor-element-7300b5d e-flex e-con-boxed e-con e-parent\" data-id=\"7300b5d\" data-element_type=\"container\" data-e-type=\"container\">\n\t\t\t\t\t<div class=\"e-con-inner\">\n\t\t\t\t<div class=\"elementor-element elementor-element-c56eb83 elementor-widget elementor-widget-text-editor\" data-id=\"c56eb83\" data-element_type=\"widget\" data-e-type=\"widget\" data-widget_type=\"text-editor.default\">\n\t\t\t\t<div class=\"elementor-widget-container\">\n\t\t\t\t\t\t\t\t\t<p>En compliment amb el deure d\u2019informaci\u00f3 recollit a l\u2019article 10 de la Llei 34\/2002, d\u201911 de Juliol, de Serveis de la Informaci\u00f3 i del Comer\u00e7 Electr\u00f2nic, l\u2019informem que el lloc web i el portal d\u2019Internet https:\/\/<a href=\"https:\/\/www.pirotecniaigual.com\/\">www.pirotecniaigual.com<\/a>\u00a0(en endavant, el \u201cWeb\u201d) \u00e9s titularitat de PIROTECNIA IGUAL, S.A., amb domicili social a Masia Mas Pubill, s\/n amb CIF n\u00ba A08623928. El present av\u00eds legal regula les condicions d\u2019\u00fas del citat portal d\u2019Internet.<\/p><p>\u00a0<\/p><p><strong>Llei aplicable i jurisdicci\u00f3<\/strong><\/p><p>Amb car\u00e0cter general les relacions entre PIROTECNIA IGUAL, S.A. i els usuaris dels serveis telem\u00e0tics, presents a la Web, es troben sotmeses a la legislaci\u00f3 i jurisdicci\u00f3 espanyoles.<\/p><p>Les parts renuncien expressament al fur que els pugui correspondre i sotmeten expressament als Jutjats i Tribunals de Canyelles per resoldre qualsevol controv\u00e8rsia que pugui sorgir en la interpretaci\u00f3 o execuci\u00f3 de les presents condicions contractuals.<\/p><p>\u00a0<\/p><p><strong>Acceptaci\u00f3 de l\u2019usuari<\/strong><\/p><p>Aquest Av\u00eds Legal regula l\u2019acc\u00e9s i utilitzaci\u00f3 de la p\u00e0gina web que PIROTECNIA IGUAL, S.A. posa a la disposici\u00f3 dels usuaris d\u2019Internet. Es considera usuari a la persona que accedeixi, navegui, utilitzi o participi en els serveis i activitats de la p\u00e0gina web.<\/p><p>L\u2019usuari queda informat, i accepta, que l\u2019acc\u00e9s a la present web no suposa, de cap manera, l\u2019inici d\u2019una relaci\u00f3 comercial amb PIROTECNIA IGUAL, S.A..<\/p><p>L\u2019acc\u00e9s i navegaci\u00f3 al lloc web per part de l\u2019usuari suposa l\u2019acceptaci\u00f3 de la totalitat de les presents Condicions d\u2019\u00das. En cas de desacord amb les condicions ha d\u2019abstenir-se a usar el lloc web.<\/p><p>\u00a0<\/p><p><strong>Acc\u00e9s a la web<\/strong><\/p><p>L\u2019acc\u00e9s a la p\u00e0gina web per part dels usuaris \u00e9s de car\u00e0cter lliure i gratu\u00eft. Alguns serveis poden trobar- se subjectes a contractaci\u00f3 pr\u00e8via del servei.<\/p><p>En cas de ser necessari que l\u2019usuari aporti dades personals per accedir a algun dels serveis, la recollida i el tractament de les dades es realitzar\u00e0 de conformitat amb la normativa vigent, en concret amb el RGPD. Per m\u00e9s informaci\u00f3, consulti la nostra pol\u00edtica de privacitat https:\/\/<a href=\"https:\/\/www.pirotecniaigual.com\/politica-de-privacidad\/\">www.pirotecniaigual.com\/politica-de-privacidad\/.<\/a><\/p><p>\u00a0<\/p><p><strong>Contingut i \u00fas<\/strong><\/p><p>La visita al lloc web per part de l\u2019usuari haur\u00e0 de fer-se de forma responsable i de conformitat a la legalitat vigent, la bona fe, el present Av\u00eds Legal i respectant els drets de propietat intel\u00b7lectual i industrial de titularitat de PIROTECNIA IGUAL, S.A. o qualsevol altres persones f\u00edsiques o jur\u00eddiques.<\/p><p>L\u2019\u00fas de qualsevol dels continguts del lloc web amb finalitats que siguin o poguessin ser il\u00b7l\u00edcites queda totalment prohibit, aix\u00ed com la realitzaci\u00f3 de qualsevol acci\u00f3 que causi o pugui causar danys o alteracions de qualsevol mena no consentides per PIROTECNIA IGUAL, S.A., al lloc web o als seus continguts.<\/p><p>El titular del web no s\u2019identifica amb les opinions abocades en el mateix pels seus col\u00b7laboradors.<\/p><p>L\u2019empresa es reserva el dret a efectuar sense previ av\u00eds les modificacions que consideri oportunes en la seva Web, podent canviar, suprimir o afegir tant els continguts i serveis que es presten a trav\u00e9s de la mateixa com la forma en la qual aquests apareguin presentats o localitzats en els seus servidors.<\/p><p>La visita al lloc web per part de l\u2019usuari haur\u00e0 de fer-se de forma responsable i de conformitat a la legalitat vigent, la bona fe, el present Av\u00eds Legal i respectant els drets de propietat intel\u00b7lectual i industrial de titularitat de PIROTECNIA IGUAL, S.A. o qualsevol altres persones f\u00edsiques o jur\u00eddiques.<\/p><p>L\u2019\u00fas de qualsevol dels continguts del lloc web amb finalitats que siguin o poguessin ser il\u00b7l\u00edcites queda totalment prohibit, aix\u00ed com la realitzaci\u00f3 de qualsevol acci\u00f3 que causi o pugui causar danys o alteracions de qualsevol mena no consentides per PIROTECNIA IGUAL, S.A., al lloc web o als seus continguts.<\/p><p>\u00a0<\/p><p><strong>Propietat intel\u00b7lectual i industrial<\/strong><\/p><p>Els drets de propietat intel\u00b7lectual del contingut de les p\u00e0gines web, el seu disseny gr\u00e0fic i codis s\u00f3n titularitat de PIROTECNIA IGUAL, S.A. i, per tant, queda prohibida la seva reproducci\u00f3, distribuci\u00f3, comunicaci\u00f3 p\u00fablica, transformaci\u00f3 o qualsevol altra activitat que es realitzi amb els continguts de la p\u00e0gina web, encara que es citin les fonts, excepte que es compti amb el consentiment previ, expr\u00e9s i per escrit de PIROTECNIA IGUAL, S.A.. Tots els noms comercials, marques o signes distintius de qualsevol classe continguts en les p\u00e0gines web de l\u2019empresa s\u00f3n propietat dels seus amos i estan protegits per llei.<\/p><p>PIROTECNIA IGUAL, S.A. no concedeix cap llic\u00e8ncia o autoritzaci\u00f3 d\u2019\u00fas de ninguna classe sobre els seus drets de propietat intel\u00b7lectual i industrial o sobre qualsevol altra propietat o dret relacionat amb el lloc web, i en cap cas s\u2019entendr\u00e0 que l\u2019acc\u00e9s i navegaci\u00f3 dels usuaris implica una ren\u00fancia, transmissi\u00f3, llic\u00e8ncia o cessi\u00f3 total ni parcial d\u2019aquests drets per part de PIROTECNIA IGUAL, S.A..<\/p><p>Qualsevol \u00fas d\u2019aquests continguts no autoritzats pr\u00e8viament per part de PIROTECNIA IGUAL, S.A. ser\u00e0 considerat un incompliment greu dels drets de propietat intel\u00b7lectual o industrial i donar\u00e0 lloc a les responsabilitats legalment establertes. PIROTECNIA IGUAL, S.A. es reserva el dret d\u2019exercitar enfront l\u2019usuari les accions judicials i extrajudicials que corresponguin.<\/p><p>\u00a0<\/p><p><strong>Responsabilitat i garanties<\/strong><\/p><p>PIROTECNIA IGUAL, S.A. declara que ha adoptat les mesures necess\u00e0ries que, dins de les seves possibilitats i l\u2019estat de la tecnologia, permeten el correcte funcionament del seu lloc web aix\u00ed com l\u2019abs\u00e8ncia de virus i components nocius. No obstant aix\u00f2, PIROTECNIA IGUAL, S.A. no pot fer-se responsable de les seg\u00fcents situacions que s\u2019enumeren a t\u00edtol enunciatiu, per\u00f2 no limitatiu:<\/p><p>La continu\u00eftat i disponibilitat dels Continguts.<\/p><p>L\u2019abs\u00e8ncia d\u2019errors en els Continguts ni la correcci\u00f3 de qualsevol defecte que pogu\u00e9s oc\u00f3rrer. L\u2019abs\u00e8ncia de virus i\/o altres components nocius.<\/p><p>Els danys o perjudicis que causi qualsevol persona que vulneri els sistemes de seguretat de PIROTECNIA IGUAL, S.A..<\/p><p>L\u2019\u00fas que els usuaris puguin fer dels continguts inclosos en el web. En conseq\u00fc\u00e8ncia, PIROTECNIA IGUAL, S.A. no garanteix que l\u2019\u00fas que els usuaris puguin fer dels continguts que en el seu cas s\u2019incloguin en el lloc web s\u2019ajustin al present av\u00eds legal ni que l\u2019\u00fas del lloc web es realitzi de forma diligent.<\/p><p>L\u2019\u00fas per menors d\u2019edat del lloc web o de l\u2019enviament de les seves dades personals sense el perm\u00eds dels seus tutors, sent els tutors responsables de l\u2019\u00fas que facin d\u2019Internet.<\/p><p>Els continguts als quals l\u2019usuari pugui accedir a trav\u00e9s d\u2019enlla\u00e7os no autoritzats o introdu\u00efts per usuaris mitjan\u00e7ant comentaris o eines similars.<\/p><p>La introducci\u00f3 de dades err\u00f2nies per part de l\u2019usuari o d\u2019un tercer.<\/p><p>PIROTECNIA IGUAL, S.A. podr\u00e0 suspendre temporalment i sense previ av\u00eds, l\u2019accessibilitat al lloc web amb motiu d\u2019operacions de manteniment, reparaci\u00f3, actualitzaci\u00f3 o millora. No obstant aix\u00f2, sempre que les circumst\u00e0ncies ho permetin, PIROTECNIA IGUAL, S.A. comunicar\u00e0 a l\u2019usuari, amb antelaci\u00f3 suficient, la data prevista per la suspensi\u00f3 dels continguts.<\/p><p>Igualment, de conformitat amb els arts. 11 i 16 de la Llei 34\/2002, d\u201911 de juliol, de serveis de la societat de la informaci\u00f3 i de comer\u00e7 electr\u00f2nic, PIROTECNIA IGUAL, S.A. es compromet a l\u2019eliminaci\u00f3 o, en el seu cas, el bloqueig dels continguts que poguessin afectar o ser contraris a la legislaci\u00f3 vigent, els drets de tercers o la moral i ordre p\u00fablic.<\/p><p>\u00a0<\/p><p><strong>Cookies<\/strong><\/p><p>PIROTECNIA IGUAL, S.A. utilitza cookies, a l\u2019efecte d\u2019optimitzar i personalitzar la seva navegaci\u00f3 pel lloc web. Les cookies s\u00f3n fitxers f\u00edsics d\u2019informaci\u00f3 que s\u2019allotgen en el mateix terminal de l\u2019usuari, la informaci\u00f3 recollida mitjan\u00e7ant les cookies serveix per facilitar la navegaci\u00f3 de l\u2019usuari pel portal i optimitzar l\u2019experi\u00e8ncia de navegaci\u00f3. Les dades recopilades mitjan\u00e7ant les cookies poden ser compartides amb els creadors d\u2019aquestes, per\u00f2 en cap cas la informaci\u00f3 obtinguda per les mateixes ser\u00e0 associada a dades personals ni a dades que poden identificar a l\u2019usuari.<\/p><p>No obstant aix\u00f2, si l\u2019usuari no desitja que s\u2019instal\u00b7lin cookies en el seu disc dur, t\u00e9 la possibilitat de configurar el navegador de tal manera que impedeixi la instal\u00b7laci\u00f3 d\u2019aquests arxius. Per obtenir m\u00e9s informaci\u00f3 consulti la nostra Pol\u00edtica de Cookies https:\/\/<a href=\"https:\/\/www.pirotecniaigual.com\/politica-de-cookies\/\">www.pirotecniaigual.com\/politica-de-cookies\/.<\/a><\/p><p>\u00a0<\/p><p><strong>Enlla\u00e7os (links)<\/strong><\/p><p>La pres\u00e8ncia d\u2019enlla\u00e7os (links) a la p\u00e0gina web de PIROTECNIA IGUAL, S.A. cap a altres llocs d\u2019Internet t\u00e9 finalitat merament informativa i en cap cas suposen suggeriment, invitaci\u00f3 o recomanaci\u00f3 sobre aquests. PIROTECNIA IGUAL, S.A. no assumir\u00e0 responsabilitat pels continguts d\u2019un enlla\u00e7 pertanyent a un lloc web ali\u00e8, ni garantir\u00e0 la fiabilitat, exactitud, amplitud, veracitat, validesa i disponibilitat t\u00e8cnica.<\/p><p>En el cas de que a altres llocs webs s\u2019estableixin enlla\u00e7os a la p\u00e0gina web de PIROTECNIA IGUAL, S.A., no s\u2019entendr\u00e0 que PIROTECNIA IGUAL, S.A. ha autoritzat l\u2019enlla\u00e7 o el contingut del lloc web en el que es cont\u00e9 l\u2019enlla\u00e7, tampoc es podr\u00e0 incloure a la p\u00e0gina de l\u2019enlla\u00e7 continguts inapropiats, difamatoris, il\u00b7legals, obscens o il\u00b7l\u00edcits, ni altres continguts que siguin contraris a la legalitat vigent.<\/p><p>PIROTECNIA IGUAL, S.A. es reserva la possibilitat de contactar amb el propietari del lloc web en el qual s\u2019estableixi l\u2019enlla\u00e7 si considera que s\u2019incompleix la normativa, aix\u00ed com d\u2019exercitar les corresponents accions judicials i extrajudicials.<\/p><p>\u00a0<\/p><p><strong>Modificaci\u00f3 de les condicions<\/strong><\/p><p>PIROTECNIA IGUAL, S.A. es reserva expressament el dret a modificar unilateralment, total o parcialment, sense necessitat de previ av\u00eds, el present Av\u00eds Legal. L\u2019usuari reconeix i accepta que \u00e9s responsabilitat seva revisar peri\u00f2dicament el present Av\u00eds Legal.<\/p>\t\t\t\t\t\t\t\t<\/div>\n\t\t\t\t<\/div>\n\t\t\t\t\t<\/div>\n\t\t\t\t<\/div>\n\t\t\t\t<\/div>\n\t\t","protected":false},"excerpt":{"rendered":"<p>En compliment amb el deure d\u2019informaci\u00f3 recollit a l\u2019article 10 de la Llei 34\/2002, d\u201911 de Juliol, de Serveis de la Informaci\u00f3 i del Comer\u00e7 Electr\u00f2nic, l\u2019informem que el lloc web i el portal d\u2019Internet https:\/\/www.pirotecniaigual.com\u00a0(en endavant, el \u201cWeb\u201d) \u00e9s titularitat de PIROTECNIA IGUAL, S.A., amb domicili social a Masia Mas Pubill, s\/n amb CIF [&hellip;]<\/p>\n","protected":false},"author":2,"featured_media":0,"parent":0,"menu_order":0,"comment_status":"closed","ping_status":"closed","template":"","meta":{"footnotes":""},"class_list":["post-973","page","type-page","status-publish","hentry"],"_links":{"self":[{"href":"https:\/\/www.pirotecniaigual.com\/ca\/wp-json\/wp\/v2\/pages\/973","targetHints":{"allow":["GET"]}}],"collection":[{"href":"https:\/\/www.pirotecniaigual.com\/ca\/wp-json\/wp\/v2\/pages"}],"about":[{"href":"https:\/\/www.pirotecniaigual.com\/ca\/wp-json\/wp\/v2\/types\/page"}],"author":[{"embeddable":true,"href":"https:\/\/www.pirotecniaigual.com\/ca\/wp-json\/wp\/v2\/users\/2"}],"replies":[{"embeddable":true,"href":"https:\/\/www.pirotecniaigual.com\/ca\/wp-json\/wp\/v2\/comments?post=973"}],"version-history":[{"count":4,"href":"https:\/\/www.pirotecniaigual.com\/ca\/wp-json\/wp\/v2\/pages\/973\/revisions"}],"predecessor-version":[{"id":979,"href":"https:\/\/www.pirotecniaigual.com\/ca\/wp-json\/wp\/v2\/pages\/973\/revisions\/979"}],"wp:attachment":[{"href":"https:\/\/www.pirotecniaigual.com\/ca\/wp-json\/wp\/v2\/media?parent=973"}],"curies":[{"name":"wp","href":"https:\/\/api.w.org\/{rel}","templated":true}]}}