{"id":962,"date":"2024-12-05T11:32:14","date_gmt":"2024-12-05T10:32:14","guid":{"rendered":"https:\/\/dev.pirotecniaigual.com\/politica-de-privacidad\/"},"modified":"2024-12-05T11:35:30","modified_gmt":"2024-12-05T10:35:30","slug":"politica-de-privacidad","status":"publish","type":"page","link":"https:\/\/www.pirotecniaigual.com\/ca\/politica-de-privacidad\/","title":{"rendered":"Pol\u00edtica de Privacitat"},"content":{"rendered":"\t\t<div data-elementor-type=\"wp-page\" data-elementor-id=\"962\" class=\"elementor elementor-962\" data-elementor-post-type=\"page\">\n\t\t\t\t<div class=\"elementor-element elementor-element-6aa3314 e-flex e-con-boxed e-con e-parent\" data-id=\"6aa3314\" data-element_type=\"container\" data-e-type=\"container\">\n\t\t\t\t\t<div class=\"e-con-inner\">\n\t\t\t\t<div class=\"elementor-element elementor-element-640c43e elementor-widget elementor-widget-text-editor\" data-id=\"640c43e\" data-element_type=\"widget\" data-e-type=\"widget\" data-widget_type=\"text-editor.default\">\n\t\t\t\t<div class=\"elementor-widget-container\">\n\t\t\t\t\t\t\t\t\t<p><strong>Informaci\u00f3n b\u00e1sica sobre Protecci\u00f3n de Datos<\/strong><\/p><table><tbody><tr><td width=\"120\"><strong>Responsable<\/strong><\/td><td width=\"509\">PIROT\u00c8CNIA IGUAL, S.A.<\/td><\/tr><tr><td width=\"120\"><strong>Finalitat<\/strong><\/td><td width=\"509\">Prestaci\u00f3 de serveis en l\u00ednia<br \/>Gesti\u00f3 d\u2019usuaris web<br \/>Comunicacions comercials relacionades amb els nostres serveis<\/td><\/tr><tr><td width=\"120\"><strong>Legitimaci\u00f3<\/strong><\/td><td width=\"509\">Consentiment expr\u00e9s i inter\u00e8s leg\u00edtim<\/td><\/tr><tr><td width=\"120\"><strong>Destinataris<\/strong><\/td><td width=\"509\">No se cedeixen dades a tercers, excepte obligaci\u00f3 legal<\/td><\/tr><tr><td width=\"120\"><strong>Drets<\/strong><\/td><td width=\"509\">Accedir, rectificar i suprimir les dades, aix\u00ed com altres drets, com s\u2019explica en la informaci\u00f3 addicional<\/td><\/tr><tr><td rowspan=\"2\" width=\"120\"><strong>Informaci\u00f3 addicional<\/strong><\/td><td width=\"509\">Pot consultar la informaci\u00f3 addicional i detallada sobre Protecci\u00f3 de Dades en les cl\u00e0usules annexes que es troben en\u00a0<a href=\"https:\/\/www.pirotecniaigual.com\/ca\/politica-de-privacidad\/\">https:\/\/www.pirotecniaigual.com\/politica-de-privacidad\/<\/a><\/td><\/tr><\/tbody><\/table><p>\u00a0<\/p><p>A PIROTECNIA IGUAL, S.A. treballem per oferir-te a trav\u00e9s dels nostres productes i serveis la millor experi\u00e8ncia possibles. En alguns casos, \u00e9s necessari recavar la informaci\u00f3 per a aconseguir-ho. Ens importa la teva privacitat i creiem que hem de ser transparents al respecte.<\/p><p>Per aix\u00f2, i a efectes del previst al REGLAMENT (UE) 2016\/679 DEL PARLAMENT EUROPEU I DEL CONSELL de 27 d\u2019abril de 2016 (en endavant, \u201cRGPD\u201d) relatiu a la protecci\u00f3 de les persones f\u00edsiques en el que respecta al tractament de dades personals i a la lliure circulaci\u00f3 d\u2019aquestes dades, i la LLEI 34\/2002, d\u201911 de juliol, de Serveis de la Societat de la Informaci\u00f3 i de Comer\u00e7 Electr\u00f2nic (en endavant, \u201cLSSI\u201d, PIROTECNIA IGUAL, S.A. informa a l\u2019usuari que, com responsable del tractament, incorporar\u00e0 les dades de car\u00e0cter personal facilitades pels usuaris en un fitxer automatitzat.<\/p><p>El nostre comprom\u00eds comen\u00e7a per explicar-te el seg\u00fcent:<\/p><ul><li>Es recullen les teves dades perqu\u00e8 l\u2019experi\u00e8ncia d\u2019usuari millori, atenent els teus interessos i necessitats.<\/li><li>Som transparents amb relaci\u00f3 a les dades que obtenim sobre tu i la ra\u00f3 perqu\u00e8 ho fem.<\/li><li>La nostra intenci\u00f3 \u00e9s oferir-te la millor experi\u00e8ncia possible. Per aix\u00f2, quan utilitzem la teva informaci\u00f3 personal ho farem sempre complint la normativa, i quan sigui necessari, sol\u00b7licitarem el teu consentiment.<\/li><li>Entenem que les teves dades et pertanyen. Per tant, si decideixes no autoritzar-nos a processar-les pots sol\u00b7licitar que deixem de tractar-les.<\/li><li>La nostra prioritat consisteix a garantir la teva seguretat i tractar les teves dades d\u2019acord amb la normativa europea.<\/li><\/ul><p>\u00a0<\/p><p>Si desitges obtenir m\u00e9s informaci\u00f3 sobre el tractament de les teves dades, consulta els diferents apartats de la pol\u00edtica de privacitat que es troben a continuaci\u00f3:<\/p><p><strong>\u00bfQui \u00e9s el responsable del tractament de les seves dades personals?<\/strong><\/p><p>Identitat: PIROTECNIA IGUAL, S.A.<\/p><p>Domicili social: Masia Mas Pubill, s\/n<\/p><p>C.I.F. n\u00ba: A08623928<\/p><p>Email:\u00a0<a href=\"mailto:rgpd@pirotecniaigual.com\">rgpd@pirotecniaigual.com<\/a><\/p><p>PIROTECNIA IGUAL, S.A. ha designat un Delegat de Protecci\u00f3 de Dades o una persona de contacte interna dins de la seva organitzaci\u00f3. Si desitges fer una consulta amb relaci\u00f3 al tractament de les teves dades personals, pots posar-te en contacte amb ell mitjan\u00e7ant el correu rgpd@pirotecniaigual.com<\/p><p><strong>\u00bfQuines dades personals recopilem?<\/strong><\/p><ul><li>Les dades personals que l\u2019usuari pot arribar a proporcionar:<\/li><li>Nom, direcci\u00f3 i data de naixement.<\/li><li>N\u00famero de tel\u00e8fon i adre\u00e7a de correu electr\u00f2nic.<\/li><li>Ubicaci\u00f3.<\/li><li>Informaci\u00f3 relativa a pagaments i devolucions.<\/li><li>Adre\u00e7a IP, data i hora en la que has accedit als nostres serveis, navegador d\u2019internet que utilitzis i dades sobre el sistema operatiu del dispositiu.<\/li><li>Qualsevol altra informaci\u00f3 o dades que decideixis compartir amb nosaltres.<\/li><\/ul><p>En alguns casos, \u00e9s obligat\u00f2ria la complementaci\u00f3 del formulari de registre per accedir i gaudir de determinats serveis oferts a la web; aix\u00ed mateix, no facilitar les dades personals sol\u00b7licitades o el no acceptar la present pol\u00edtica de protecci\u00f3 de dades suposa la impossibilitat de subscriure\u2019s, registrar-se o participar en qualsevol de les promocions en les quals es sol\u00b7licitin dades de car\u00e0cter personal.<\/p><p>\u00a0<\/p><p><strong>\u00bfPerqu\u00e8 i per a que tractem les teves dades?<\/strong><\/p><p>A PIROTECNIA IGUAL, S.A. tractem la informaci\u00f3 que ens faciliten les persones interessades amb les seg\u00fcents finalitats:<\/p><ul><li>Gestionar comandes o contractar algun dels nostres serveis, sigui online o a les tendes f\u00edsiques.<\/li><li>Gestionar l\u2019enviament de la informaci\u00f3 que ens sol\u00b7licitin.<\/li><li>Desenvolupar accions comercials i realitzar el manteniment i gesti\u00f3 de la relaci\u00f3 amb l\u2019usuari, aix\u00ed com la gesti\u00f3 dels serveis oferts a trav\u00e9s del lloc web i les tasques d\u2019informaci\u00f3, podent realitzar valoracions autom\u00e0tiques, obtenci\u00f3 de perfils i tasques de segmentaci\u00f3 dels clients amb l\u2019objecte de personalitzar el tractament conforme a les seves caracter\u00edstiques i necessitats i millor l\u2019experi\u00e8ncia en l\u00ednia del client.<\/li><li>Desenvolupar i gestionar els concursos, sortejos o altres activitats promocionals que es puguin organitzar.<\/li><li>En alguns casos ser\u00e0 necessari facilitar informaci\u00f3 a les Autoritats o terceres empreses per motius d\u2019auditoria, aix\u00ed com manejar dades personals de factures, contractes i documents per respondre a reclamacions de clients o de les Administracions P\u00fabliques.<\/li><\/ul><p>Informem que les dades personals que s\u2019obtinguin com a conseq\u00fc\u00e8ncia del teu registre com a usuari formaran part del Registre d\u2019Activitats i operacions de Tractament (RAT), que s\u2019actualitzar\u00e0 peri\u00f2dicament d\u2019acord amb l\u2019establert al RGPD.<\/p><p>\u00a0<\/p><p><strong>\u00bfQuina \u00e9s la legitimaci\u00f3 pel tractament de les teves dades?<\/strong><\/p><ul><li>El tractament de les teves dades pot fonamentar-se en les seg\u00fcents bases legals:<\/li><li>Consentiment de l\u2019interessat per a la contractaci\u00f3 de serveis i productes, pels formularis de contacte, les sol\u00b7licituds d\u2019informaci\u00f3 o alta a e-newsletters.<\/li><li>Inter\u00e8s leg\u00edtim pel tractament de dades dels nostres clients en accions de m\u00e0rqueting directe i consentiment expr\u00e9s de l\u2019interessat per tot el relatiu a les valoracions autom\u00e0tiques i elaboraci\u00f3 de perfils.<\/li><li>Compliment d\u2019obligacions legals per prevenci\u00f3 del frau, comunicaci\u00f3 amb Autoritats p\u00fabliques i reclamacions de tercers.<\/li><\/ul><p>\u00a0<\/p><p><strong>\u00bfQuant temps conservem les teves dades?<\/strong><\/p><p>El tractament de les dades amb les finalitats descrites es mantindr\u00e0 durant el temps necessari per complir amb la finalitat de la seva recollida (per exemple, mentre duri la relaci\u00f3 comercial), aix\u00ed com pel compliment de les obligacions legals que es derivin del tractament de les dades.<\/p><p>\u00a0<\/p><p><strong>\u00bfA quins destinataris es comuniquen les teves dades?<\/strong><\/p><p>En alguns casos, nom\u00e9s quan sigui necessari, PIROTECNIA IGUAL, S.A. proporcionar\u00e0 dades dels usuaris a tercers. No obstant aix\u00f2, mai es vendran les dades a tercers. Els prove\u00efdors de serveis externs (per exemple, prove\u00efdors de pagament o empreses de repartiment amb els que PIROTECNIA IGUAL, S.A. treballi poden utilitzar les dades per proporcionar els serveis corresponents, sens perjudici d\u2019aix\u00f2, no utilitzaran la informaci\u00f3 per finalitats pr\u00f2pies o per cessi\u00f3 a tercers.<\/p><p>PIROTECNIA IGUAL, S.A. procura garantir la seguretat de les dades personals quan s\u2019envien fora de l\u2019empresa i s\u2019assegura que els tercers prove\u00efdors del servei respecten la confidencialitat i compten amb les mesures adequades per protegir les dades personals. Aquests tercers tenen l\u2019obligaci\u00f3 de garantir que la informaci\u00f3 es tracta conforme amb la normativa de privacitat de dades.<\/p><p>En alguns casos, la llei pot exigir que es revelin dades personals a organismes p\u00fablics o altres parts, nom\u00e9s es revelar\u00e0 el estrictament necessari per al compliment d\u2019aquestes obligacions legals.<\/p><p>Les dades personals obtingudes tamb\u00e9 podran ser compartides amb altres empreses del grup.<\/p><p><strong>\u00bfOn s\u2019emmagatzemen les teves dades?<\/strong><\/p><p>Amb car\u00e0cter general, les dades s\u2019emmagatzemen dins de la UE. Les dades que s\u2019envien a tercers que no pertanyen a la UE, ens assegurarem que ofereixin un nivell de protecci\u00f3 suficient, ja sigui perqu\u00e8 compten amb Normes Corporatives Vinculants (BCR) o perqu\u00e8 s\u2019hagin adherit al \u201cPrivacy Shield\u201d.<\/p><p>\u00a0<\/p><p><strong>\u00bfQuins drets t\u2019assisteixen i com pots exercir-los?<\/strong><\/p><p>Pots dirigir les teves comunicacions i exercir els teus drets mitjan\u00e7ant una petici\u00f3 en el seg\u00fcent correu electr\u00f2nic: rgpd@pirotecniaigual.com.<\/p><p>En virtut del que estableix l\u2019RGPD pots sol\u00b7licitar:<\/p><ul><li>Dret d\u2019acc\u00e9s: pots demanar informaci\u00f3 d\u2019aquelles dades personals que disposem sobre tu.<\/li><li>Dret de rectificaci\u00f3: pots comunicar qualsevol canvi en les teves dades personals.<\/li><li>Dret de supressi\u00f3 i a l\u2019oblit: pots sol\u00b7licitar l\u2019eliminaci\u00f3 previ bloqueig de les dades personals.<\/li><li>Dret de limitaci\u00f3 al tractament: suposa la restricci\u00f3 del tractament de les dades personals.<\/li><li>Dret d\u2019oposici\u00f3: pots retirar el consentiment del tractament de les dades, oposant-te al fet que se segueixin tractant.<\/li><li>Dret a la portabilitat: en alguns casos, pots demanar una c\u00f2pia de les dades personals en un format estructurat, d\u2019\u00fas com\u00fa i lectura mec\u00e0nica per la seva transmissi\u00f3 a un altre responsable.<\/li><li>Dret a no ser objecte de decisions individualitzades: pots sol\u00b7licitar que no es prenguin decisions que es basin \u00fanicament en el tractament automatitzant, incloent-hi l\u2019elaboraci\u00f3 de perfils, que produeixi efectes jur\u00eddics o afecti significativament a l\u2019interessat.<\/li><\/ul><p>En alguns casos, es podr\u00e0 rebutjar la sol\u00b7licitud si sol\u00b7licites que s\u2019eliminin dades necess\u00e0ries per al compliment d\u2019obligacions legals.<\/p><p>Aix\u00ed mateix, si tens alguna queixa sobre el tractament de les dades pots presentar una reclamaci\u00f3 de l\u2019autoritat de protecci\u00f3 de dades.<\/p><p>\u00a0<\/p><p><strong>\u00bfQui \u00e9s el responsable de l\u2019exactitud i veracitat de les dades facilitades?<\/strong><\/p><p>L\u2019usuari \u00e9s l\u2019\u00fanic responsable de la veracitat i correcci\u00f3 de les dades incloses, exonerant a PIROTECNIA IGUAL, S.A. de qualsevol responsabilitat al respecte. Els usuaris garanteixen i responen, en qualsevol cas, de l\u2019exactitud, vig\u00e8ncia i autenticitat de les dades personals facilitades, i es comprometen a mantenir-les degudament actualitzades. L\u2019usuari accepta proporcionar informaci\u00f3 completa i correcta en el formulari de registre o subscripci\u00f3. PIROTECNIA IGUAL, S.A. es reserva el dret de finalitzar els serveis contractats que s\u2019haguessin celebrat amb els usuaris, en cas que les dades que hagi facilitat siguin falses, incompletes inexactes o no estiguin actualitzades.<\/p><p>\u00a0<\/p><p>PIROTECNIA IGUAL, S.A. no respon de la veracitat de les informacions que no siguin d\u2019elaboraci\u00f3 pr\u00f2pia i de les que s\u2019indiqui altra font, per la qual cosa tampoc assumeix cap responsabilitat pel que fa a hipot\u00e8tics perjudicis que poguessin originar-se per l\u2019\u00fas d\u2019aquesta informaci\u00f3.<\/p><p>PIROTECNIA IGUAL, S.A. es reserva el dret a actualitzar, modificar o eliminar la informaci\u00f3 continguda en les seves p\u00e0gines web podent incl\u00fas limitar o no permetre l\u2019acc\u00e9s a aquesta informaci\u00f3. S\u2019exonera a PIROTECNIA IGUAL, S.A. de responsabilitat enfront a qualsevol dany o perjudici que pogu\u00e9s sofrir l\u2019usuari com a conseq\u00fc\u00e8ncia d\u2019errors, defectes o omissions, en la informaci\u00f3 facilitada per PIROTECNIA IGUAL, S.A. sempre que procedeixi de fonts alienes a aquesta.<\/p><p>Aix\u00ed mateix, l\u2019usuari certifica que \u00e9s m\u00e9s gran de 14 anys i que posseeix la capacitat legal necess\u00e0ria per la prestaci\u00f3 del consentiment respecte al tractament de les seves dades de car\u00e0cter personal.<\/p><p>\u00a0<\/p><p><strong>\u00bfCom tractem les dades personals dels menors d\u2019edat?<\/strong><\/p><p>En principi els nostres serveis no van dirigits espec\u00edficament a menors d\u2019edat. No obstant aix\u00f2, en el cas que algun d\u2019ells es dirigeixi a menors de catorze anys, de conformitat amb l\u2019article 8 del RGPD i l\u2019article 7 de la LO 3\/2018, de 5 de desembre (LOPDGDD), PIROTECNIA IGUAL, S.A. exigir\u00e0 el consentiment v\u00e0lid, lliure, inequ\u00edvoc, espec\u00edfic i informat dels tutors legals per tractar les dades personals dels menors. En aquest cas, s\u2019exigir\u00e0 el DNI o altra forma d\u2019identificaci\u00f3 de qui presti el consentiment.<\/p><p>En el cas de majors de catorze anys podr\u00e0 procedir-se al tractament de les dades amb el consentiment de l\u2019usuari, exceptuant aquells casos en els quals la Llei exigeixi l\u2019assist\u00e8ncia dels titulars de la p\u00e0tria potestat o tutela.<\/p><p>\u00a0<\/p><p><strong>\u00bfQuines mesures de seguretat apliquem per protegir les teves dades personals?<\/strong><\/p><p>PIROTECNIA IGUAL, S.A. ha adoptat els nivells de seguretat de protecci\u00f3 de les dades personals legalment requerides, i procura instal\u00b7lar aquells altres mitjans i mesures t\u00e8cniques addicionals al seu abast per evitar la p\u00e8rdua, mal \u00fas, alteraci\u00f3, acc\u00e9s no autoritzat i robament de les dades personals facilitades a PIROTECNIA IGUAL, S.A..<\/p><p>PIROTECNIA IGUAL, S.A. no \u00e9s responsable d\u2019hipot\u00e8tics danys o perjudicis que es poguessin derivar d\u2019interfer\u00e8ncies, omissions, interrupcions, virus inform\u00e0tics, avaries telef\u00f2niques o desconnexions en el funcionament operatiu d\u2019aquest sistema electr\u00f2nic, motivades per causes alienes a PIROTECNIA IGUAL, S.A.; de retards o bloquejos en l\u2019\u00fas del present sistema electr\u00f2nic causats per defici\u00e8ncies o sobrec\u00e0rregues de l\u00ednies telef\u00f2niques o sobrec\u00e0rregues en el Centre de Processos de Dades, en el sistema d\u2019Internet o en altres sistemes electr\u00f2nics, aix\u00ed com de danys que puguin ser causats per terceres persones mitjan\u00e7ant intromissions il\u00b7leg\u00edtimes fora del control de PIROTECNIA IGUAL, S.A.. Aix\u00f2 no obstant, l\u2019usuari ha de ser conscient que les mesures de seguretat a Internet no s\u00f3n inexpugnables.<\/p><p>\u00a0<\/p><p><strong>Enlla\u00e7os a altres llocs web<\/strong><\/p><p>En el lloc web https:\/\/www.pirotecniaigual.com pot haver-hi enlla\u00e7os a altres p\u00e0gines web. Al clicar en un d\u2019aquests enlla\u00e7os i accedir a un lloc web extern, la visita estar\u00e0 subjecta a la pol\u00edtica de privacitat d\u2019aquell lloc web, quedant PIROTECNIA IGUAL, S.A. desvinculada de qualsevol classe de responsabilitat sobre la seva pol\u00edtica de privacitat.<\/p><p>\u00a0<\/p><p><strong>\u00bfCom utilitzem les cookies?<\/strong><\/p><p>El lloc web de PIROTECNIA IGUAL, S.A. utilitza cookies, als efectes d\u2019optimitzar i personalitzar la seva navegaci\u00f3 pel mateix. Les cookies s\u00f3n fitxers f\u00edsics d\u2019informaci\u00f3 que s\u2019allotgen en el terminal de l\u2019usuari, la informaci\u00f3 recollida mitjan\u00e7ant les cookies serveix per facilitar la navegaci\u00f3 de l\u2019usuari pel portal i optimitzar l\u2019experi\u00e8ncia de navegaci\u00f3. Les dades recopilades mitjan\u00e7ant les cookies poden ser compartides amb els creadors d\u2019aquestes, per\u00f2 en cap cas la informaci\u00f3 obtinguda per les mateixes ser\u00e0 associada a dades personals ni a dades que puguin identificar a l\u2019usuari.<\/p><p>No obstant aix\u00f2, si l\u2019usuari no desitja que s\u2019instal\u00b7lin cookies en el seu disc dur, t\u00e9 la possibilitat de configurar el navegador de tal manera que impedeixi la instal\u00b7laci\u00f3 d\u2019aquests arxius. Per obtenir m\u00e9s informaci\u00f3 consulti la nostra Pol\u00edtica de Cookies\u00a0<a href=\"https:\/\/www.pirotecniaigual.com\/ca\/politica-de-cookies\/\">https:\/\/www.pirotecniaigual.com\/ca\/politica-de-cookies\/<\/a>.<\/p><p>\u00a0<\/p><p><strong>\u00bfPot modificar-se la pol\u00edtica de privacitat?<\/strong><\/p><p>Aquesta pol\u00edtica de privacitat pot modificar-se. Et recomanem que revisis la pol\u00edtica de privacitat amb certa periodicitat.<\/p>\t\t\t\t\t\t\t\t<\/div>\n\t\t\t\t<\/div>\n\t\t\t\t\t<\/div>\n\t\t\t\t<\/div>\n\t\t\t\t<\/div>\n\t\t","protected":false},"excerpt":{"rendered":"<p>Informaci\u00f3n b\u00e1sica sobre Protecci\u00f3n de Datos Responsable PIROT\u00c8CNIA IGUAL, S.A. Finalitat Prestaci\u00f3 de serveis en l\u00edniaGesti\u00f3 d\u2019usuaris webComunicacions comercials relacionades amb els nostres serveis Legitimaci\u00f3 Consentiment expr\u00e9s i inter\u00e8s leg\u00edtim Destinataris No se cedeixen dades a tercers, excepte obligaci\u00f3 legal Drets Accedir, rectificar i suprimir les dades, aix\u00ed com altres drets, com s\u2019explica en la [&hellip;]<\/p>\n","protected":false},"author":2,"featured_media":0,"parent":0,"menu_order":0,"comment_status":"closed","ping_status":"closed","template":"","meta":{"footnotes":""},"class_list":["post-962","page","type-page","status-publish","hentry"],"_links":{"self":[{"href":"https:\/\/www.pirotecniaigual.com\/ca\/wp-json\/wp\/v2\/pages\/962","targetHints":{"allow":["GET"]}}],"collection":[{"href":"https:\/\/www.pirotecniaigual.com\/ca\/wp-json\/wp\/v2\/pages"}],"about":[{"href":"https:\/\/www.pirotecniaigual.com\/ca\/wp-json\/wp\/v2\/types\/page"}],"author":[{"embeddable":true,"href":"https:\/\/www.pirotecniaigual.com\/ca\/wp-json\/wp\/v2\/users\/2"}],"replies":[{"embeddable":true,"href":"https:\/\/www.pirotecniaigual.com\/ca\/wp-json\/wp\/v2\/comments?post=962"}],"version-history":[{"count":4,"href":"https:\/\/www.pirotecniaigual.com\/ca\/wp-json\/wp\/v2\/pages\/962\/revisions"}],"predecessor-version":[{"id":968,"href":"https:\/\/www.pirotecniaigual.com\/ca\/wp-json\/wp\/v2\/pages\/962\/revisions\/968"}],"wp:attachment":[{"href":"https:\/\/www.pirotecniaigual.com\/ca\/wp-json\/wp\/v2\/media?parent=962"}],"curies":[{"name":"wp","href":"https:\/\/api.w.org\/{rel}","templated":true}]}}